{"id":1315,"date":"2020-01-23T16:02:31","date_gmt":"2020-01-23T14:02:31","guid":{"rendered":"https:\/\/www.a2ms.com\/fr\/?page_id=1315"},"modified":"2022-08-30T10:59:17","modified_gmt":"2022-08-30T08:59:17","slug":"tourisme","status":"publish","type":"page","link":"https:\/\/www.a2ms.com\/pl\/nos-langues\/tourisme\/","title":{"rendered":"Tourisme"},"content":{"rendered":"<div class=\"fusion-fullwidth fullwidth-box fusion-builder-row-1 fusion-flex-container nonhundred-percent-fullwidth non-hundred-percent-height-scrolling\" style=\"--awb-border-radius-top-left:0px;--awb-border-radius-top-right:0px;--awb-border-radius-bottom-right:0px;--awb-border-radius-bottom-left:0px;--awb-background-color:#35495e;--awb-flex-wrap:wrap;\" ><div class=\"fusion-builder-row fusion-row fusion-flex-align-items-flex-start fusion-flex-content-wrap\" style=\"max-width:1216.8px;margin-left: calc(-4% \/ 2 );margin-right: calc(-4% \/ 2 );\"><div class=\"fusion-layout-column fusion_builder_column fusion-builder-column-0 fusion_builder_column_2_3 2_3 fusion-flex-column\" style=\"--awb-padding-top:0px;--awb-padding-right:30px;--awb-padding-bottom:0px;--awb-padding-left:30px;--awb-bg-size:cover;--awb-border-color:#e84b3c;--awb-border-left:10px;--awb-border-style:solid;--awb-width-large:66.666666666667%;--awb-margin-top-large:15px;--awb-spacing-right-large:3.84%;--awb-margin-bottom-large:15px;--awb-spacing-left-large:2.88%;--awb-width-medium:100%;--awb-spacing-right-medium:1.92%;--awb-spacing-left-medium:1.92%;--awb-width-small:100%;--awb-spacing-right-small:1.92%;--awb-spacing-left-small:1.92%;\"><div class=\"fusion-column-wrapper fusion-column-has-shadow fusion-flex-justify-content-center fusion-content-layout-column\"><div class=\"fusion-separator fusion-full-width-sep\" style=\"align-self: center;margin-left: auto;margin-right: auto;margin-top:32px;width:100%;\"><\/div><div class=\"fusion-text fusion-text-1\"><h2 style=\"color: #fff; margin: 0;\"><span style=\"font-size: 190%; line-height: 1;\">Traductions tourisme<\/span><\/h2>\n<\/div><div class=\"fusion-separator fusion-full-width-sep\" style=\"align-self: center;margin-left: auto;margin-right: auto;margin-top:32px;width:100%;\"><\/div><\/div><\/div><div class=\"fusion-layout-column fusion_builder_column fusion-builder-column-1 fusion_builder_column_1_3 1_3 fusion-flex-column\" style=\"--awb-bg-size:cover;--awb-width-large:33.333333333333%;--awb-margin-top-large:15px;--awb-spacing-right-large:5.76%;--awb-margin-bottom-large:15px;--awb-spacing-left-large:3.84%;--awb-width-medium:100%;--awb-spacing-right-medium:1.92%;--awb-spacing-left-medium:1.92%;--awb-width-small:100%;--awb-spacing-right-small:1.92%;--awb-spacing-left-small:1.92%;\"><div class=\"fusion-column-wrapper fusion-flex-justify-content-center fusion-content-layout-column\"><div class=\"fusion-separator fusion-full-width-sep\" style=\"align-self: center;margin-left: auto;margin-right: auto;margin-top:32px;width:100%;\"><\/div><ul style=\"--awb-size:18px;--awb-line-height:30.6px;--awb-icon-width:30.6px;--awb-icon-height:30.6px;--awb-icon-margin:12.6px;--awb-content-margin:43.2px;\" class=\"fusion-checklist fusion-checklist-1 fusion-checklist-default type-icons\"><li class=\"fusion-li-item\" style=\"\"><span class=\"icon-wrapper circle-no\"><i class=\"fusion-li-icon fa-home fas\" aria-hidden=\"true\"><\/i><\/span><div class=\"fusion-li-item-content\"> <span style=\"color: #ffffff; font-size: 18px;\"> Lyon, France<\/span> <\/div><\/li><li class=\"fusion-li-item\" style=\"\"><span class=\"icon-wrapper circle-no\"><i class=\"fusion-li-icon fa-phone fas\" aria-hidden=\"true\"><\/i><\/span><div class=\"fusion-li-item-content\"><span style=\"color: #ffffff; font-size: 18px;\">+33 (0)6 38 22 43 19<\/span><\/div><\/li><li class=\"fusion-li-item\" style=\"\"><span class=\"icon-wrapper circle-no\"><i class=\"fusion-li-icon fa-envelope fas\" aria-hidden=\"true\"><\/i><\/span><div class=\"fusion-li-item-content\">\r\n<p><span style=\"color: #ffffff; font-size: 18px;\"><a style=\"color: #ffffff;\" href=\"mailto:contact@a2ms.com\">contact@a2ms.com<\/a><\/span><\/p>\r\n<\/div><\/li><\/ul><\/div><\/div><\/div><\/div><div class=\"fusion-fullwidth fullwidth-box fusion-builder-row-2 fusion-flex-container nonhundred-percent-fullwidth non-hundred-percent-height-scrolling\" style=\"--awb-border-radius-top-left:0px;--awb-border-radius-top-right:0px;--awb-border-radius-bottom-right:0px;--awb-border-radius-bottom-left:0px;--awb-flex-wrap:wrap;\" ><div class=\"fusion-builder-row fusion-row fusion-flex-align-items-flex-start fusion-flex-content-wrap\" style=\"max-width:1216.8px;margin-left: calc(-4% \/ 2 );margin-right: calc(-4% \/ 2 );\"><div class=\"fusion-layout-column fusion_builder_column fusion-builder-column-2 fusion_builder_column_1_2 1_2 fusion-flex-column\" style=\"--awb-bg-size:cover;--awb-width-large:50%;--awb-margin-top-large:0px;--awb-spacing-right-large:3.84%;--awb-margin-bottom-large:0px;--awb-spacing-left-large:3.84%;--awb-width-medium:100%;--awb-spacing-right-medium:1.92%;--awb-spacing-left-medium:1.92%;--awb-width-small:100%;--awb-spacing-right-small:1.92%;--awb-spacing-left-small:1.92%;\"><div class=\"fusion-column-wrapper fusion-column-has-shadow fusion-flex-justify-content-flex-start fusion-content-layout-column\"><div class=\"fusion-separator fusion-full-width-sep\" style=\"align-self: center;margin-left: auto;margin-right: auto;margin-top:32px;width:100%;\"><\/div><div class=\"fusion-flip-boxes flip-boxes row fusion-columns-1 flip-effect-classic equal-heights\"><div class=\"fusion-flip-box-wrapper fusion-column col-lg-12 col-md-12 col-sm-12\"><div class=\"fusion-flip-box flip-right\" tabindex=\"0\"><div class=\"flip-box-inner-wrapper\"><div class=\"flip-box-front\"><div class=\"flip-box-front-inner\"><div class=\"flip-box-grafix flip-box-no-circle\"><i aria-hidden=\"true\" class=\"fa-plane-departure fas\"><\/i><\/div><h2 class=\"flip-box-heading\">Traduction touristique : <\/h2>un domaine o\u00f9 nous excellons<\/div><\/div><div class=\"flip-box-back\"><div class=\"flip-box-back-inner\"><h3 class=\"flip-box-heading-back\">Traduction sp\u00e9cialis\u00e9es<\/h3> pour le tourisme <\/div><\/div><\/div><\/div><\/div><\/div><div class=\"fusion-text fusion-text-2\"><p>Offrez \u00e0 vos clients l&#8217;accueil qu&#8217;ils m\u00e9ritent dans leur langue maternelle, de la localisation de sites Web aux brochures et guides de voyage. Chez <strong>A2MS<\/strong>, nous sommes experts en <strong>traductions pour l&#8217;industrie du tourisme<\/strong>, ce qui rend ce contenu plus accessible que jamais.<\/p>\n<p><!-- \/wp:post-content --><\/p>\n<p><strong>Le domaine du tourisme<\/strong> est un des plus touch\u00e9 par la mondialisation. Les demandes en traductions touristiques se multiplient donc chaque ann\u00e9e. Les voyages se sont d\u00e9mocratis\u00e9s et les professionnels du tourisme doivent pouvoir communiquer dans de nombreuses langues.<\/p>\n<p><!-- \/wp:paragraph --><\/p>\n<p>Gr\u00e2ce \u00e0 la simplicit\u00e9 des r\u00e9servations en ligne et \u00e0 la pr\u00e9dominance de l&#8217;information disponible pour les consommateurs, le secteur mondial du tourisme s&#8217;internationalise chaque ann\u00e9e un peu plus. Les agences de voyage traditionnelles sont devenues une chose du pass\u00e9 lorsqu&#8217;il s&#8217;agit de r\u00e9server des billets d&#8217;avion et d&#8217;obtenir des informations sur les voyages, et les traductions touristiques pour les clients n&#8217;ont jamais \u00e9t\u00e9 aussi importantes. Les agences de tourisme doivent fournir aux visiteurs potentiels des informations et des possibilit\u00e9s de r\u00e9servation dans leur propre langue, que ce soit en ligne ou hors ligne.<\/p>\n<\/div><\/div><\/div><div class=\"fusion-layout-column fusion_builder_column fusion-builder-column-3 fusion_builder_column_1_2 1_2 fusion-flex-column\" style=\"--awb-bg-size:cover;--awb-width-large:50%;--awb-margin-top-large:0px;--awb-spacing-right-large:3.84%;--awb-margin-bottom-large:0px;--awb-spacing-left-large:3.84%;--awb-width-medium:100%;--awb-spacing-right-medium:1.92%;--awb-spacing-left-medium:1.92%;--awb-width-small:100%;--awb-spacing-right-small:1.92%;--awb-spacing-left-small:1.92%;\"><div class=\"fusion-column-wrapper fusion-column-has-shadow fusion-flex-justify-content-flex-start fusion-content-layout-column\"><div class=\"fusion-separator fusion-full-width-sep\" style=\"align-self: center;margin-left: auto;margin-right: auto;margin-top:32px;width:100%;\"><\/div><div class=\"fusion-flip-boxes flip-boxes row fusion-columns-1 flip-effect-classic\"><div class=\"fusion-flip-box-wrapper fusion-column col-lg-12 col-md-12 col-sm-12\"><div class=\"fusion-flip-box flip-right\" tabindex=\"0\"><div class=\"flip-box-inner-wrapper\"><div class=\"flip-box-front\"><div class=\"flip-box-front-inner\"><div class=\"flip-box-grafix flip-box-no-circle\"><i aria-hidden=\"true\" class=\"fa-plane-arrival fas\"><\/i><\/div><h2 class=\"flip-box-heading\">Pourquoi choisir A2MS<\/h2>pour toutes vos traductions dans le domaine du tourisme ?<\/div><\/div><div class=\"flip-box-back\"><div class=\"flip-box-back-inner\"><h3 class=\"flip-box-heading-back\">Notre agence a r\u00e9alis\u00e9 <\/h3> de tr\u00e8s nombreux projets dans le domaine du tourisme. <\/div><\/div><\/div><\/div><\/div><\/div><div class=\"fusion-text fusion-text-3\"><p> Ce type de traduction apporte une tr\u00e8s forte valeur ajout\u00e9e \u00e0 la zone concern\u00e9e. Il est important de s\u00e9lectionner un traducteur avec un excellent r\u00e9dactionnel pour votre brochure ou vos d\u00e9pliants. Chez <strong>A2MS<\/strong>, nous fournissons des <strong>traductions sp\u00e9cialis\u00e9es pour l&#8217;industrie du tourisme depuis plusieurs ann\u00e9es<\/strong>, nous comprenons donc les exigences sp\u00e9cifiques des traductions pour l&#8217;industrie du tourisme. Contactez-nous d\u00e8s aujourd&#8217;hui pour discuter de vos besoins et en savoir plus sur la gamme de services que nous offrons. En voici quelques exemples :<\/p>\n<p><!-- wp:list --><\/p>\n<ul>\n<li>Site web des a\u00e9roports de Paris<\/li>\n<li>Brochures et travaux pour OnlyLyon<\/li>\n<li>Site web et brochures pour la station de ski de Courchevel<\/li>\n<li>Sites web et brochures pour l\u2019\u00c9cole Fran\u00e7aise de Ski<\/li>\n<li>Brochures pour le Ch\u00e2teau de Versailles<\/li>\n<\/ul>\n<\/div><\/div><\/div><\/div><\/div>","protected":false},"excerpt":{"rendered":"","protected":false},"author":1,"featured_media":0,"parent":29,"menu_order":0,"comment_status":"closed","ping_status":"closed","template":"100-width.php","meta":{"footnotes":""},"class_list":["post-1315","page","type-page","status-publish","hentry"],"yoast_head":"<!-- This site is optimized with the Yoast SEO Premium plugin v23.7 (Yoast SEO v26.8) - https:\/\/yoast.com\/product\/yoast-seo-premium-wordpress\/ -->\n<title>Service de traduction - Traductions professionnelles A2MS<\/title>\n<meta name=\"description\" content=\"Chez A2MS, nous fournissons des traductions sp\u00e9cialis\u00e9es pour l&#039;industrie du tourisme depuis plusieurs ann\u00e9es. Contactez-nous d\u00e8s aujourd&#039;hui.\" \/>\n<meta name=\"robots\" content=\"index, follow, max-snippet:-1, max-image-preview:large, max-video-preview:-1\" \/>\n<link rel=\"canonical\" href=\"https:\/\/www.a2ms.com\/pl\/nos-langues\/tourisme\/\" \/>\n<meta property=\"og:locale\" content=\"pl_PL\" \/>\n<meta property=\"og:locale:alternate\" content=\"fr_FR\" \/>\n<meta property=\"og:locale:alternate\" content=\"en_US\" \/>\n<meta property=\"og:locale:alternate\" content=\"ru-RU\" \/>\n<meta property=\"og:locale:alternate\" content=\"zh_CN\" \/>\n<meta property=\"og:locale:alternate\" content=\"ar-EG\" \/>\n<meta property=\"og:type\" content=\"article\" \/>\n<meta property=\"og:title\" content=\"Tourisme\" \/>\n<meta property=\"og:description\" content=\"Chez A2MS, nous fournissons des traductions sp\u00e9cialis\u00e9es pour l&#039;industrie du tourisme depuis plusieurs ann\u00e9es. Contactez-nous d\u00e8s aujourd&#039;hui.\" \/>\n<meta property=\"og:url\" content=\"https:\/\/www.a2ms.com\/pl\/nos-langues\/tourisme\/\" \/>\n<meta property=\"og:site_name\" content=\"Traductions professionnelles A2MS\" \/>\n<meta property=\"article:publisher\" content=\"https:\/\/www.facebook.com\/A2MStraductions\/\" \/>\n<meta property=\"article:modified_time\" content=\"2022-08-30T08:59:17+00:00\" \/>\n<meta name=\"twitter:card\" content=\"summary_large_image\" \/>\n<meta name=\"twitter:label1\" content=\"Szacowany czas czytania\" \/>\n\t<meta name=\"twitter:data1\" content=\"5 minut\" \/>\n<script type=\"application\/ld+json\" class=\"yoast-schema-graph\">{\"@context\":\"https:\/\/schema.org\",\"@graph\":[{\"@type\":\"WebPage\",\"@id\":\"https:\/\/www.a2ms.com\/ar\/nos-langues\/tourisme\/\",\"url\":\"https:\/\/www.a2ms.com\/ar\/nos-langues\/tourisme\/\",\"name\":\"Service de traduction - Traductions professionnelles A2MS\",\"isPartOf\":{\"@id\":\"https:\/\/www.a2ms.com\/fr\/#website\"},\"datePublished\":\"2020-01-23T14:02:31+00:00\",\"dateModified\":\"2022-08-30T08:59:17+00:00\",\"description\":\"Chez A2MS, nous fournissons des traductions sp\u00e9cialis\u00e9es pour l'industrie du tourisme depuis plusieurs ann\u00e9es. Contactez-nous d\u00e8s aujourd'hui.\",\"breadcrumb\":{\"@id\":\"https:\/\/www.a2ms.com\/ar\/nos-langues\/tourisme\/#breadcrumb\"},\"inLanguage\":\"pl-PL\",\"potentialAction\":[{\"@type\":\"ReadAction\",\"target\":[\"https:\/\/www.a2ms.com\/ar\/nos-langues\/tourisme\/\"]}]},{\"@type\":\"BreadcrumbList\",\"@id\":\"https:\/\/www.a2ms.com\/ar\/nos-langues\/tourisme\/#breadcrumb\",\"itemListElement\":[{\"@type\":\"ListItem\",\"position\":1,\"name\":\"Accueil\",\"item\":\"https:\/\/www.a2ms.com\/ar\/\"},{\"@type\":\"ListItem\",\"position\":2,\"name\":\"\u0627\u0644\u0644\u063a\u0627\u062a\",\"item\":\"https:\/\/www.a2ms.com\/ar\/nos-langues\/\"},{\"@type\":\"ListItem\",\"position\":3,\"name\":\"Tourisme\"}]},{\"@type\":\"WebSite\",\"@id\":\"https:\/\/www.a2ms.com\/fr\/#website\",\"url\":\"https:\/\/www.a2ms.com\/fr\/\",\"name\":\"Traductions professionnelles A2MS\",\"description\":\"Services de traduction\",\"publisher\":{\"@id\":\"https:\/\/www.a2ms.com\/fr\/#organization\"},\"potentialAction\":[{\"@type\":\"SearchAction\",\"target\":{\"@type\":\"EntryPoint\",\"urlTemplate\":\"https:\/\/www.a2ms.com\/fr\/?s={search_term_string}\"},\"query-input\":{\"@type\":\"PropertyValueSpecification\",\"valueRequired\":true,\"valueName\":\"search_term_string\"}}],\"inLanguage\":\"pl-PL\"},{\"@type\":\"Organization\",\"@id\":\"https:\/\/www.a2ms.com\/fr\/#organization\",\"name\":\"A2MS entreprise de traduction\",\"url\":\"https:\/\/www.a2ms.com\/fr\/\",\"logo\":{\"@type\":\"ImageObject\",\"inLanguage\":\"pl-PL\",\"@id\":\"https:\/\/www.a2ms.com\/fr\/#\/schema\/logo\/image\/\",\"url\":\"https:\/\/www.a2ms.com\/wp-content\/uploads\/2020\/01\/Logo-A2MS-petit.png\",\"contentUrl\":\"https:\/\/www.a2ms.com\/wp-content\/uploads\/2020\/01\/Logo-A2MS-petit.png\",\"width\":95,\"height\":80,\"caption\":\"A2MS entreprise de traduction\"},\"image\":{\"@id\":\"https:\/\/www.a2ms.com\/fr\/#\/schema\/logo\/image\/\"},\"sameAs\":[\"https:\/\/www.facebook.com\/A2MStraductions\/\",\"https:\/\/www.linkedin.com\/in\/martine-filiptchenko-90455257\/\"]}]}<\/script>\n<!-- \/ Yoast SEO Premium plugin. -->","yoast_head_json":{"title":"Service de traduction - Traductions professionnelles A2MS","description":"Chez A2MS, nous fournissons des traductions sp\u00e9cialis\u00e9es pour l'industrie du tourisme depuis plusieurs ann\u00e9es. Contactez-nous d\u00e8s aujourd'hui.","robots":{"index":"index","follow":"follow","max-snippet":"max-snippet:-1","max-image-preview":"max-image-preview:large","max-video-preview":"max-video-preview:-1"},"canonical":"https:\/\/www.a2ms.com\/pl\/nos-langues\/tourisme\/","og_locale":"pl_PL","og_type":"article","og_title":"[:fr]Tourisme[:]","og_description":"Chez A2MS, nous fournissons des traductions sp\u00e9cialis\u00e9es pour l'industrie du tourisme depuis plusieurs ann\u00e9es. Contactez-nous d\u00e8s aujourd'hui.","og_url":"https:\/\/www.a2ms.com\/pl\/nos-langues\/tourisme\/","og_site_name":"Traductions professionnelles A2MS","article_publisher":"https:\/\/www.facebook.com\/A2MStraductions\/","article_modified_time":"2022-08-30T08:59:17+00:00","twitter_card":"summary_large_image","twitter_misc":{"Szacowany czas czytania":"5 minut"},"schema":{"@context":"https:\/\/schema.org","@graph":[{"@type":"WebPage","@id":"https:\/\/www.a2ms.com\/ar\/nos-langues\/tourisme\/","url":"https:\/\/www.a2ms.com\/ar\/nos-langues\/tourisme\/","name":"Service de traduction - Traductions professionnelles A2MS","isPartOf":{"@id":"https:\/\/www.a2ms.com\/fr\/#website"},"datePublished":"2020-01-23T14:02:31+00:00","dateModified":"2022-08-30T08:59:17+00:00","description":"Chez A2MS, nous fournissons des traductions sp\u00e9cialis\u00e9es pour l'industrie du tourisme depuis plusieurs ann\u00e9es. Contactez-nous d\u00e8s aujourd'hui.","breadcrumb":{"@id":"https:\/\/www.a2ms.com\/ar\/nos-langues\/tourisme\/#breadcrumb"},"inLanguage":"pl-PL","potentialAction":[{"@type":"ReadAction","target":["https:\/\/www.a2ms.com\/ar\/nos-langues\/tourisme\/"]}]},{"@type":"BreadcrumbList","@id":"https:\/\/www.a2ms.com\/ar\/nos-langues\/tourisme\/#breadcrumb","itemListElement":[{"@type":"ListItem","position":1,"name":"Accueil","item":"https:\/\/www.a2ms.com\/ar\/"},{"@type":"ListItem","position":2,"name":"\u0627\u0644\u0644\u063a\u0627\u062a","item":"https:\/\/www.a2ms.com\/ar\/nos-langues\/"},{"@type":"ListItem","position":3,"name":"Tourisme"}]},{"@type":"WebSite","@id":"https:\/\/www.a2ms.com\/fr\/#website","url":"https:\/\/www.a2ms.com\/fr\/","name":"Traductions professionnelles A2MS","description":"Services de traduction","publisher":{"@id":"https:\/\/www.a2ms.com\/fr\/#organization"},"potentialAction":[{"@type":"SearchAction","target":{"@type":"EntryPoint","urlTemplate":"https:\/\/www.a2ms.com\/fr\/?s={search_term_string}"},"query-input":{"@type":"PropertyValueSpecification","valueRequired":true,"valueName":"search_term_string"}}],"inLanguage":"pl-PL"},{"@type":"Organization","@id":"https:\/\/www.a2ms.com\/fr\/#organization","name":"A2MS entreprise de traduction","url":"https:\/\/www.a2ms.com\/fr\/","logo":{"@type":"ImageObject","inLanguage":"pl-PL","@id":"https:\/\/www.a2ms.com\/fr\/#\/schema\/logo\/image\/","url":"https:\/\/www.a2ms.com\/wp-content\/uploads\/2020\/01\/Logo-A2MS-petit.png","contentUrl":"https:\/\/www.a2ms.com\/wp-content\/uploads\/2020\/01\/Logo-A2MS-petit.png","width":95,"height":80,"caption":"A2MS entreprise de traduction"},"image":{"@id":"https:\/\/www.a2ms.com\/fr\/#\/schema\/logo\/image\/"},"sameAs":["https:\/\/www.facebook.com\/A2MStraductions\/","https:\/\/www.linkedin.com\/in\/martine-filiptchenko-90455257\/"]}]}},"_links":{"self":[{"href":"https:\/\/www.a2ms.com\/pl\/wp-json\/wp\/v2\/pages\/1315","targetHints":{"allow":["GET"]}}],"collection":[{"href":"https:\/\/www.a2ms.com\/pl\/wp-json\/wp\/v2\/pages"}],"about":[{"href":"https:\/\/www.a2ms.com\/pl\/wp-json\/wp\/v2\/types\/page"}],"author":[{"embeddable":true,"href":"https:\/\/www.a2ms.com\/pl\/wp-json\/wp\/v2\/users\/1"}],"replies":[{"embeddable":true,"href":"https:\/\/www.a2ms.com\/pl\/wp-json\/wp\/v2\/comments?post=1315"}],"version-history":[{"count":6,"href":"https:\/\/www.a2ms.com\/pl\/wp-json\/wp\/v2\/pages\/1315\/revisions"}],"predecessor-version":[{"id":1694,"href":"https:\/\/www.a2ms.com\/pl\/wp-json\/wp\/v2\/pages\/1315\/revisions\/1694"}],"up":[{"embeddable":true,"href":"https:\/\/www.a2ms.com\/pl\/wp-json\/wp\/v2\/pages\/29"}],"wp:attachment":[{"href":"https:\/\/www.a2ms.com\/pl\/wp-json\/wp\/v2\/media?parent=1315"}],"curies":[{"name":"wp","href":"https:\/\/api.w.org\/{rel}","templated":true}]}}