{"id":1551,"date":"2020-06-10T15:22:11","date_gmt":"2020-06-10T13:22:11","guid":{"rendered":"https:\/\/www.a2ms.com\/fr\/?page_id=1551"},"modified":"2020-06-22T14:26:11","modified_gmt":"2020-06-22T12:26:11","slug":"traductions_professionnelles_croates","status":"publish","type":"page","link":"https:\/\/www.a2ms.com\/fr\/nos-langues\/traductions_professionnelles_croates\/","title":{"rendered":"Traductions professionnelles croates"},"content":{"rendered":"<p><div class=\"fusion-fullwidth fullwidth-box fusion-builder-row-1 fusion-flex-container nonhundred-percent-fullwidth non-hundred-percent-height-scrolling\" style=\"--awb-border-radius-top-left:0px;--awb-border-radius-top-right:0px;--awb-border-radius-bottom-right:0px;--awb-border-radius-bottom-left:0px;--awb-background-color:#35495e;--awb-flex-wrap:wrap;\" ><div class=\"fusion-builder-row fusion-row fusion-flex-align-items-flex-start fusion-flex-content-wrap\" style=\"max-width:1216.8px;margin-left: calc(-4% \/ 2 );margin-right: calc(-4% \/ 2 );\"><div class=\"fusion-layout-column fusion_builder_column fusion-builder-column-0 fusion_builder_column_2_3 2_3 fusion-flex-column\" style=\"--awb-padding-top:0px;--awb-padding-right:30px;--awb-padding-bottom:0px;--awb-padding-left:30px;--awb-bg-size:cover;--awb-border-color:#e84b3c;--awb-border-left:10px;--awb-border-style:solid;--awb-width-large:66.666666666667%;--awb-margin-top-large:15px;--awb-spacing-right-large:3.84%;--awb-margin-bottom-large:15px;--awb-spacing-left-large:2.88%;--awb-width-medium:100%;--awb-spacing-right-medium:1.92%;--awb-spacing-left-medium:1.92%;--awb-width-small:100%;--awb-spacing-right-small:1.92%;--awb-spacing-left-small:1.92%;\"><div class=\"fusion-column-wrapper fusion-column-has-shadow fusion-flex-justify-content-center fusion-content-layout-column\"><div class=\"fusion-separator fusion-full-width-sep\" style=\"align-self: center;margin-left: auto;margin-right: auto;margin-top:32px;width:100%;\"><\/div><div class=\"fusion-text fusion-text-1\"><h2 style=\"color: #fff; margin: 0;\"><span style=\"font-size: 190%; line-height: 1;\">Traductions professionnelles <\/span><span style=\"color: #e84b3c;\">croates<\/span><\/h2>\n<\/div><div class=\"fusion-separator fusion-full-width-sep\" style=\"align-self: center;margin-left: auto;margin-right: auto;margin-top:32px;width:100%;\"><\/div><\/div><\/div><div class=\"fusion-layout-column fusion_builder_column fusion-builder-column-1 fusion_builder_column_1_3 1_3 fusion-flex-column\" style=\"--awb-bg-size:cover;--awb-width-large:33.333333333333%;--awb-margin-top-large:15px;--awb-spacing-right-large:5.76%;--awb-margin-bottom-large:15px;--awb-spacing-left-large:3.8399999999999%;--awb-width-medium:100%;--awb-spacing-right-medium:1.92%;--awb-spacing-left-medium:1.92%;--awb-width-small:100%;--awb-spacing-right-small:1.92%;--awb-spacing-left-small:1.92%;\"><div class=\"fusion-column-wrapper fusion-flex-justify-content-center fusion-content-layout-column\"><div class=\"fusion-separator fusion-full-width-sep\" style=\"align-self: center;margin-left: auto;margin-right: auto;margin-top:32px;width:100%;\"><\/div><ul style=\"--awb-size:18px;--awb-line-height:30.6px;--awb-icon-width:30.6px;--awb-icon-height:30.6px;--awb-icon-margin:12.6px;--awb-content-margin:43.2px;\" class=\"fusion-checklist fusion-checklist-1 fusion-checklist-default type-icons\"><li class=\"fusion-li-item\" style=\"\"><span class=\"icon-wrapper circle-no\"><i class=\"fusion-li-icon fa-home fas\" aria-hidden=\"true\"><\/i><\/span><div class=\"fusion-li-item-content\"> <span style=\"color: #ffffff; font-size: 18px;\"> Lyon, France<\/span> <\/div><\/li><li class=\"fusion-li-item\" style=\"\"><span class=\"icon-wrapper circle-no\"><i class=\"fusion-li-icon fa-phone fas\" aria-hidden=\"true\"><\/i><\/span><div class=\"fusion-li-item-content\"><span style=\"color: #ffffff; font-size: 18px;\">+33 (0)6 38 22 43 19<\/span><\/div><\/li><li class=\"fusion-li-item\" style=\"\"><span class=\"icon-wrapper circle-no\"><i class=\"fusion-li-icon fa-envelope fas\" aria-hidden=\"true\"><\/i><\/span><div class=\"fusion-li-item-content\"> <span style=\"color: #ffffff; font-size: 18px;\"><a style=\"color: #ffffff;\" href=\"mailto:a2ms@a2ms.com\">a2ms@a2ms.com<\/a><\/span> <\/div><\/li><\/ul><\/div><\/div><\/div><\/div><div class=\"fusion-fullwidth fullwidth-box fusion-builder-row-2 fusion-flex-container nonhundred-percent-fullwidth non-hundred-percent-height-scrolling\" style=\"--awb-border-radius-top-left:0px;--awb-border-radius-top-right:0px;--awb-border-radius-bottom-right:0px;--awb-border-radius-bottom-left:0px;--awb-flex-wrap:wrap;\" ><div class=\"fusion-builder-row fusion-row fusion-flex-align-items-flex-start fusion-flex-content-wrap\" style=\"max-width:1216.8px;margin-left: calc(-4% \/ 2 );margin-right: calc(-4% \/ 2 );\"><div class=\"fusion-layout-column fusion_builder_column fusion-builder-column-2 fusion_builder_column_1_2 1_2 fusion-flex-column\" style=\"--awb-bg-size:cover;--awb-width-large:50%;--awb-margin-top-large:0px;--awb-spacing-right-large:3.84%;--awb-margin-bottom-large:0px;--awb-spacing-left-large:3.84%;--awb-width-medium:100%;--awb-spacing-right-medium:1.92%;--awb-spacing-left-medium:1.92%;--awb-width-small:100%;--awb-spacing-right-small:1.92%;--awb-spacing-left-small:1.92%;\"><div class=\"fusion-column-wrapper fusion-column-has-shadow fusion-flex-justify-content-flex-start fusion-content-layout-column\"><div class=\"fusion-separator fusion-full-width-sep\" style=\"align-self: center;margin-left: auto;margin-right: auto;margin-top:32px;width:100%;\"><\/div><div class=\"fusion-flip-boxes flip-boxes row fusion-columns-1 flip-effect-classic equal-heights\"><div class=\"fusion-flip-box-wrapper fusion-column col-lg-12 col-md-12 col-sm-12\"><div class=\"fusion-flip-box flip-right\" tabindex=\"0\"><div class=\"flip-box-inner-wrapper\"><div class=\"flip-box-front\"><div class=\"flip-box-front-inner\"><div class=\"flip-box-grafix flip-box-no-circle\"><i aria-hidden=\"true\" class=\"fa-yandex fab\"><\/i><\/div><h2 class=\"flip-box-heading\">Le croate<\/h2>une langue slave, qui s\u2019\u00e9crit avec l\u2019alphabet latin<\/div><\/div><div class=\"flip-box-back\"><div class=\"flip-box-back-inner\"><h3 class=\"flip-box-heading-back\">Hrvatski<\/h3>\n<p>4 millions d&rsquo;habitants en Croatie<\/p>\n<\/div><\/div><\/div><\/div><\/div><\/div><div class=\"fusion-text fusion-text-2\"><p>Le croate est une langue du groupe slave m\u00e9ridional et parente du russe.<\/p>\n<p>Depuis la transition d\u00e9mocratique en 1990, elle a repris le titre de langue officielle du pays.<\/p>\n<p>Contrairement au serbe (avec lequel elle formait une seule et m\u00eame langue jusqu\u2019\u00e0 la s\u00e9paration des \u00c9tats de l\u2019ex-Yougoslavie), le croate s\u2019\u00e9crit en caract\u00e8res latins enrichis de quelques signes sp\u00e9cifiques, ce qui rend son apprentissage plus facile pour un francophone.<\/p>\n<\/div><\/div><\/div><div class=\"fusion-layout-column fusion_builder_column fusion-builder-column-3 fusion_builder_column_1_2 1_2 fusion-flex-column\" style=\"--awb-bg-size:cover;--awb-width-large:50%;--awb-margin-top-large:0px;--awb-spacing-right-large:3.84%;--awb-margin-bottom-large:0px;--awb-spacing-left-large:3.84%;--awb-width-medium:100%;--awb-spacing-right-medium:1.92%;--awb-spacing-left-medium:1.92%;--awb-width-small:100%;--awb-spacing-right-small:1.92%;--awb-spacing-left-small:1.92%;\"><div class=\"fusion-column-wrapper fusion-column-has-shadow fusion-flex-justify-content-flex-start fusion-content-layout-column\"><div class=\"fusion-separator fusion-full-width-sep\" style=\"align-self: center;margin-left: auto;margin-right: auto;margin-top:32px;width:100%;\"><\/div><div class=\"fusion-flip-boxes flip-boxes row fusion-columns-1 flip-effect-classic\"><div class=\"fusion-flip-box-wrapper fusion-column col-lg-12 col-md-12 col-sm-12\"><div class=\"fusion-flip-box flip-right\" tabindex=\"0\"><div class=\"flip-box-inner-wrapper\"><div class=\"flip-box-front\"><div class=\"flip-box-front-inner\"><div class=\"flip-box-grafix flip-box-no-circle\"><i aria-hidden=\"true\" class=\"fa-yandex-international fab\"><\/i><\/div><h2 class=\"flip-box-heading\">A2MS est votre partenaire id\u00e9al<\/h2>pour vos traductions vers ou \u00e0 partir du croate<\/div><\/div><div class=\"flip-box-back\"><div class=\"flip-box-back-inner\"><h3 class=\"flip-box-heading-back\">La Croatie<\/h3>\n<p>est un pays tr\u00e8s touristique.<\/p>\n<\/div><\/div><\/div><\/div><\/div><\/div><div class=\"fusion-text fusion-text-3\"><p>La\u00a0<strong>Croatie<\/strong>\u00a0est un \u00c9tat d\u2019Europe du Sud situ\u00e9 sur les bords de la mer Adriatique. Il fait partie du groupe de pays de l\u2019ancienne Yougoslavie devenus ind\u00e9pendants au d\u00e9but des ann\u00e9es 1990. Il partage des fronti\u00e8res avec la\u00a0Slov\u00e9nie\u00a0et la\u00a0Hongrie\u00a0au nord, la\u00a0Serbie\u00a0et la\u00a0Bosnie-et-Herz\u00e9govine\u00a0\u00e0 l\u2019est, et le\u00a0Mont\u00e9n\u00e9gro\u00a0\u00e0 l\u2019extr\u00eame sud.<\/p>\n<p>La Croatie est le dernier pays entr\u00e9 dans l\u2019Union europ\u00e9enne le 1<sup>er<\/sup>\u00a0juillet 2013. Il est le 28<sup>e<\/sup> \u00c9tat membre de l\u2019union. Son \u00e9conomie repose essentiellement sur le tourisme, avec deux fois plus d\u2019arriv\u00e9es internationales que d\u2019habitants. 25 % du PIB d\u00e9pend en effet de cette v\u00e9ritable manne, due au littoral tr\u00e8s long de la Croatie, parsem\u00e9 de nombreuses \u00eeles, ainsi qu\u2019\u00e0 ses vieilles cit\u00e9s tr\u00e8s bien restaur\u00e9es ces derni\u00e8res ann\u00e9es et \u00e0 la qualit\u00e9 de vie dans cette partie de l\u2019Europe.<\/p>\n<\/div><\/div><\/div><\/div><\/div><\/p>\n","protected":false},"excerpt":{"rendered":"","protected":false},"author":1,"featured_media":0,"parent":29,"menu_order":0,"comment_status":"closed","ping_status":"closed","template":"100-width.php","meta":{"footnotes":""},"class_list":["post-1551","page","type-page","status-publish","hentry"],"yoast_head":"<!-- This site is optimized with the Yoast SEO Premium plugin v23.7 (Yoast SEO v26.8) - https:\/\/yoast.com\/product\/yoast-seo-premium-wordpress\/ -->\n<title>Service de traduction - Traductions professionnelles A2MS<\/title>\n<meta name=\"description\" content=\"A2MS, soci\u00e9t\u00e9 de traduction bas\u00e9e \u00e0 Lyon depuis 1993. Traduction luxe, cosm\u00e9tique, tourisme, technique, juridique, m\u00e9dicale.\" \/>\n<meta name=\"robots\" content=\"index, follow, max-snippet:-1, max-image-preview:large, max-video-preview:-1\" \/>\n<link rel=\"canonical\" href=\"https:\/\/www.a2ms.com\/fr\/nos-langues\/traductions_professionnelles_croates\/\" \/>\n<meta property=\"og:locale\" content=\"fr_FR\" \/>\n<meta property=\"og:locale:alternate\" content=\"en_US\" \/>\n<meta property=\"og:locale:alternate\" content=\"pl-PL\" \/>\n<meta property=\"og:locale:alternate\" content=\"ru-RU\" \/>\n<meta property=\"og:locale:alternate\" content=\"zh_CN\" \/>\n<meta property=\"og:locale:alternate\" content=\"ar-EG\" \/>\n<meta property=\"og:type\" content=\"article\" \/>\n<meta property=\"og:title\" content=\"Traductions professionnelles croates\" \/>\n<meta property=\"og:description\" content=\"A2MS, soci\u00e9t\u00e9 de traduction bas\u00e9e \u00e0 Lyon depuis 1993. Traduction luxe, cosm\u00e9tique, tourisme, technique, juridique, m\u00e9dicale.\" \/>\n<meta property=\"og:url\" content=\"https:\/\/www.a2ms.com\/fr\/nos-langues\/traductions_professionnelles_croates\/\" \/>\n<meta property=\"og:site_name\" content=\"Traductions professionnelles A2MS\" \/>\n<meta property=\"article:publisher\" content=\"https:\/\/www.facebook.com\/A2MStraductions\/\" \/>\n<meta property=\"article:modified_time\" content=\"2020-06-22T12:26:11+00:00\" \/>\n<meta name=\"twitter:card\" content=\"summary_large_image\" \/>\n<meta name=\"twitter:label1\" content=\"Dur\u00e9e de lecture estim\u00e9e\" \/>\n\t<meta name=\"twitter:data1\" content=\"9 minutes\" \/>\n<script type=\"application\/ld+json\" class=\"yoast-schema-graph\">{\"@context\":\"https:\/\/schema.org\",\"@graph\":[{\"@type\":\"WebPage\",\"@id\":\"https:\/\/www.a2ms.com\/ar\/nos-langues\/traductions_professionnelles_croates\/\",\"url\":\"https:\/\/www.a2ms.com\/ar\/nos-langues\/traductions_professionnelles_croates\/\",\"name\":\"Service de traduction - Traductions professionnelles A2MS\",\"isPartOf\":{\"@id\":\"https:\/\/www.a2ms.com\/fr\/#website\"},\"datePublished\":\"2020-06-10T13:22:11+00:00\",\"dateModified\":\"2020-06-22T12:26:11+00:00\",\"description\":\"A2MS, soci\u00e9t\u00e9 de traduction bas\u00e9e \u00e0 Lyon depuis 1993. Traduction luxe, cosm\u00e9tique, tourisme, technique, juridique, m\u00e9dicale.\",\"breadcrumb\":{\"@id\":\"https:\/\/www.a2ms.com\/ar\/nos-langues\/traductions_professionnelles_croates\/#breadcrumb\"},\"inLanguage\":\"fr-FR\",\"potentialAction\":[{\"@type\":\"ReadAction\",\"target\":[\"https:\/\/www.a2ms.com\/ar\/nos-langues\/traductions_professionnelles_croates\/\"]}]},{\"@type\":\"BreadcrumbList\",\"@id\":\"https:\/\/www.a2ms.com\/ar\/nos-langues\/traductions_professionnelles_croates\/#breadcrumb\",\"itemListElement\":[{\"@type\":\"ListItem\",\"position\":1,\"name\":\"Accueil\",\"item\":\"https:\/\/www.a2ms.com\/ar\/\"},{\"@type\":\"ListItem\",\"position\":2,\"name\":\"\u0627\u0644\u0644\u063a\u0627\u062a\",\"item\":\"https:\/\/www.a2ms.com\/ar\/nos-langues\/\"},{\"@type\":\"ListItem\",\"position\":3,\"name\":\"Traductions professionnelles croates\"}]},{\"@type\":\"WebSite\",\"@id\":\"https:\/\/www.a2ms.com\/fr\/#website\",\"url\":\"https:\/\/www.a2ms.com\/fr\/\",\"name\":\"Traductions professionnelles A2MS\",\"description\":\"Services de traduction\",\"publisher\":{\"@id\":\"https:\/\/www.a2ms.com\/fr\/#organization\"},\"potentialAction\":[{\"@type\":\"SearchAction\",\"target\":{\"@type\":\"EntryPoint\",\"urlTemplate\":\"https:\/\/www.a2ms.com\/fr\/?s={search_term_string}\"},\"query-input\":{\"@type\":\"PropertyValueSpecification\",\"valueRequired\":true,\"valueName\":\"search_term_string\"}}],\"inLanguage\":\"fr-FR\"},{\"@type\":\"Organization\",\"@id\":\"https:\/\/www.a2ms.com\/fr\/#organization\",\"name\":\"A2MS entreprise de traduction\",\"url\":\"https:\/\/www.a2ms.com\/fr\/\",\"logo\":{\"@type\":\"ImageObject\",\"inLanguage\":\"fr-FR\",\"@id\":\"https:\/\/www.a2ms.com\/fr\/#\/schema\/logo\/image\/\",\"url\":\"https:\/\/www.a2ms.com\/wp-content\/uploads\/2020\/01\/Logo-A2MS-petit.png\",\"contentUrl\":\"https:\/\/www.a2ms.com\/wp-content\/uploads\/2020\/01\/Logo-A2MS-petit.png\",\"width\":95,\"height\":80,\"caption\":\"A2MS entreprise de traduction\"},\"image\":{\"@id\":\"https:\/\/www.a2ms.com\/fr\/#\/schema\/logo\/image\/\"},\"sameAs\":[\"https:\/\/www.facebook.com\/A2MStraductions\/\",\"https:\/\/www.linkedin.com\/in\/martine-filiptchenko-90455257\/\"]}]}<\/script>\n<!-- \/ Yoast SEO Premium plugin. -->","yoast_head_json":{"title":"Service de traduction - Traductions professionnelles A2MS","description":"A2MS, soci\u00e9t\u00e9 de traduction bas\u00e9e \u00e0 Lyon depuis 1993. Traduction luxe, cosm\u00e9tique, tourisme, technique, juridique, m\u00e9dicale.","robots":{"index":"index","follow":"follow","max-snippet":"max-snippet:-1","max-image-preview":"max-image-preview:large","max-video-preview":"max-video-preview:-1"},"canonical":"https:\/\/www.a2ms.com\/fr\/nos-langues\/traductions_professionnelles_croates\/","og_locale":"fr_FR","og_type":"article","og_title":"[:fr]Traductions professionnelles croates[:]","og_description":"A2MS, soci\u00e9t\u00e9 de traduction bas\u00e9e \u00e0 Lyon depuis 1993. Traduction luxe, cosm\u00e9tique, tourisme, technique, juridique, m\u00e9dicale.","og_url":"https:\/\/www.a2ms.com\/fr\/nos-langues\/traductions_professionnelles_croates\/","og_site_name":"Traductions professionnelles A2MS","article_publisher":"https:\/\/www.facebook.com\/A2MStraductions\/","article_modified_time":"2020-06-22T12:26:11+00:00","twitter_card":"summary_large_image","twitter_misc":{"Dur\u00e9e de lecture estim\u00e9e":"9 minutes"},"schema":{"@context":"https:\/\/schema.org","@graph":[{"@type":"WebPage","@id":"https:\/\/www.a2ms.com\/ar\/nos-langues\/traductions_professionnelles_croates\/","url":"https:\/\/www.a2ms.com\/ar\/nos-langues\/traductions_professionnelles_croates\/","name":"Service de traduction - Traductions professionnelles A2MS","isPartOf":{"@id":"https:\/\/www.a2ms.com\/fr\/#website"},"datePublished":"2020-06-10T13:22:11+00:00","dateModified":"2020-06-22T12:26:11+00:00","description":"A2MS, soci\u00e9t\u00e9 de traduction bas\u00e9e \u00e0 Lyon depuis 1993. Traduction luxe, cosm\u00e9tique, tourisme, technique, juridique, m\u00e9dicale.","breadcrumb":{"@id":"https:\/\/www.a2ms.com\/ar\/nos-langues\/traductions_professionnelles_croates\/#breadcrumb"},"inLanguage":"fr-FR","potentialAction":[{"@type":"ReadAction","target":["https:\/\/www.a2ms.com\/ar\/nos-langues\/traductions_professionnelles_croates\/"]}]},{"@type":"BreadcrumbList","@id":"https:\/\/www.a2ms.com\/ar\/nos-langues\/traductions_professionnelles_croates\/#breadcrumb","itemListElement":[{"@type":"ListItem","position":1,"name":"Accueil","item":"https:\/\/www.a2ms.com\/ar\/"},{"@type":"ListItem","position":2,"name":"\u0627\u0644\u0644\u063a\u0627\u062a","item":"https:\/\/www.a2ms.com\/ar\/nos-langues\/"},{"@type":"ListItem","position":3,"name":"Traductions professionnelles croates"}]},{"@type":"WebSite","@id":"https:\/\/www.a2ms.com\/fr\/#website","url":"https:\/\/www.a2ms.com\/fr\/","name":"Traductions professionnelles A2MS","description":"Services de traduction","publisher":{"@id":"https:\/\/www.a2ms.com\/fr\/#organization"},"potentialAction":[{"@type":"SearchAction","target":{"@type":"EntryPoint","urlTemplate":"https:\/\/www.a2ms.com\/fr\/?s={search_term_string}"},"query-input":{"@type":"PropertyValueSpecification","valueRequired":true,"valueName":"search_term_string"}}],"inLanguage":"fr-FR"},{"@type":"Organization","@id":"https:\/\/www.a2ms.com\/fr\/#organization","name":"A2MS entreprise de traduction","url":"https:\/\/www.a2ms.com\/fr\/","logo":{"@type":"ImageObject","inLanguage":"fr-FR","@id":"https:\/\/www.a2ms.com\/fr\/#\/schema\/logo\/image\/","url":"https:\/\/www.a2ms.com\/wp-content\/uploads\/2020\/01\/Logo-A2MS-petit.png","contentUrl":"https:\/\/www.a2ms.com\/wp-content\/uploads\/2020\/01\/Logo-A2MS-petit.png","width":95,"height":80,"caption":"A2MS entreprise de traduction"},"image":{"@id":"https:\/\/www.a2ms.com\/fr\/#\/schema\/logo\/image\/"},"sameAs":["https:\/\/www.facebook.com\/A2MStraductions\/","https:\/\/www.linkedin.com\/in\/martine-filiptchenko-90455257\/"]}]}},"_links":{"self":[{"href":"https:\/\/www.a2ms.com\/fr\/wp-json\/wp\/v2\/pages\/1551","targetHints":{"allow":["GET"]}}],"collection":[{"href":"https:\/\/www.a2ms.com\/fr\/wp-json\/wp\/v2\/pages"}],"about":[{"href":"https:\/\/www.a2ms.com\/fr\/wp-json\/wp\/v2\/types\/page"}],"author":[{"embeddable":true,"href":"https:\/\/www.a2ms.com\/fr\/wp-json\/wp\/v2\/users\/1"}],"replies":[{"embeddable":true,"href":"https:\/\/www.a2ms.com\/fr\/wp-json\/wp\/v2\/comments?post=1551"}],"version-history":[{"count":2,"href":"https:\/\/www.a2ms.com\/fr\/wp-json\/wp\/v2\/pages\/1551\/revisions"}],"predecessor-version":[{"id":1569,"href":"https:\/\/www.a2ms.com\/fr\/wp-json\/wp\/v2\/pages\/1551\/revisions\/1569"}],"up":[{"embeddable":true,"href":"https:\/\/www.a2ms.com\/fr\/wp-json\/wp\/v2\/pages\/29"}],"wp:attachment":[{"href":"https:\/\/www.a2ms.com\/fr\/wp-json\/wp\/v2\/media?parent=1551"}],"curies":[{"name":"wp","href":"https:\/\/api.w.org\/{rel}","templated":true}]}}