{"id":1288,"date":"2020-01-22T17:45:57","date_gmt":"2020-01-22T15:45:57","guid":{"rendered":"https:\/\/www.a2ms.com\/fr\/?page_id=1288"},"modified":"2025-03-11T17:55:34","modified_gmt":"2025-03-11T15:55:34","slug":"cosmetique","status":"publish","type":"page","link":"https:\/\/www.a2ms.com\/fr\/nos-langues\/cosmetique\/","title":{"rendered":"Cosm\u00e9tique"},"content":{"rendered":"<p><div class=\"fusion-fullwidth fullwidth-box fusion-builder-row-1 fusion-flex-container nonhundred-percent-fullwidth non-hundred-percent-height-scrolling\" style=\"--awb-border-radius-top-left:0px;--awb-border-radius-top-right:0px;--awb-border-radius-bottom-right:0px;--awb-border-radius-bottom-left:0px;--awb-background-color:#35495e;--awb-flex-wrap:wrap;\" ><div class=\"fusion-builder-row fusion-row fusion-flex-align-items-flex-start fusion-flex-content-wrap\" style=\"max-width:1216.8px;margin-left: calc(-4% \/ 2 );margin-right: calc(-4% \/ 2 );\"><div class=\"fusion-layout-column fusion_builder_column fusion-builder-column-0 fusion_builder_column_2_3 2_3 fusion-flex-column\" style=\"--awb-padding-top:0px;--awb-padding-right:30px;--awb-padding-bottom:0px;--awb-padding-left:30px;--awb-bg-size:cover;--awb-border-color:#e84b3c;--awb-border-left:10px;--awb-border-style:solid;--awb-width-large:66.666666666667%;--awb-margin-top-large:15px;--awb-spacing-right-large:3.84%;--awb-margin-bottom-large:15px;--awb-spacing-left-large:2.88%;--awb-width-medium:100%;--awb-spacing-right-medium:1.92%;--awb-spacing-left-medium:1.92%;--awb-width-small:100%;--awb-spacing-right-small:1.92%;--awb-spacing-left-small:1.92%;\"><div class=\"fusion-column-wrapper fusion-column-has-shadow fusion-flex-justify-content-center fusion-content-layout-column\"><div class=\"fusion-separator fusion-full-width-sep\" style=\"align-self: center;margin-left: auto;margin-right: auto;margin-top:32px;width:100%;\"><\/div><div class=\"fusion-text fusion-text-1\"><h2 style=\"color: #fff; margin: 0;\"><span style=\"font-size: 190%; line-height: 1;\">Traduction cosm\u00e9tique<\/span><\/h2>\n<\/div><div class=\"fusion-separator fusion-full-width-sep\" style=\"align-self: center;margin-left: auto;margin-right: auto;margin-top:32px;width:100%;\"><\/div><\/div><\/div><div class=\"fusion-layout-column fusion_builder_column fusion-builder-column-1 fusion_builder_column_1_3 1_3 fusion-flex-column\" style=\"--awb-bg-size:cover;--awb-width-large:33.333333333333%;--awb-margin-top-large:15px;--awb-spacing-right-large:5.76%;--awb-margin-bottom-large:15px;--awb-spacing-left-large:3.84%;--awb-width-medium:100%;--awb-spacing-right-medium:1.92%;--awb-spacing-left-medium:1.92%;--awb-width-small:100%;--awb-spacing-right-small:1.92%;--awb-spacing-left-small:1.92%;\"><div class=\"fusion-column-wrapper fusion-flex-justify-content-center fusion-content-layout-column\"><div class=\"fusion-separator fusion-full-width-sep\" style=\"align-self: center;margin-left: auto;margin-right: auto;margin-top:32px;width:100%;\"><\/div><ul style=\"--awb-size:18px;--awb-line-height:30.6px;--awb-icon-width:30.6px;--awb-icon-height:30.6px;--awb-icon-margin:12.6px;--awb-content-margin:43.2px;\" class=\"fusion-checklist fusion-checklist-1 fusion-checklist-default type-icons\"><li class=\"fusion-li-item\" style=\"\"><span class=\"icon-wrapper circle-no\"><i class=\"fusion-li-icon fa-home fas\" aria-hidden=\"true\"><\/i><\/span><div class=\"fusion-li-item-content\"> <span style=\"color: #ffffff; font-size: 18px;\"> Lyon, France<\/span> <\/div><\/li><li class=\"fusion-li-item\" style=\"\"><span class=\"icon-wrapper circle-no\"><i class=\"fusion-li-icon fa-phone fas\" aria-hidden=\"true\"><\/i><\/span><div class=\"fusion-li-item-content\"><span style=\"color: #ffffff; font-size: 18px;\">+33 (0)6 38 22 43 19<\/span><\/div><\/li><li class=\"fusion-li-item\" style=\"\"><span class=\"icon-wrapper circle-no\"><i class=\"fusion-li-icon fa-envelope fas\" aria-hidden=\"true\"><\/i><\/span><div class=\"fusion-li-item-content\">\r\n<p><span style=\"color: #ffffff; font-size: 18px;\"><a style=\"color: #ffffff;\" href=\"mailto:contact@a2ms.com\">contact@a2ms.com<\/a><\/span><\/p>\r\n<\/div><\/li><\/ul><\/div><\/div><\/div><\/div><div class=\"fusion-fullwidth fullwidth-box fusion-builder-row-2 fusion-flex-container nonhundred-percent-fullwidth non-hundred-percent-height-scrolling\" style=\"--awb-border-radius-top-left:0px;--awb-border-radius-top-right:0px;--awb-border-radius-bottom-right:0px;--awb-border-radius-bottom-left:0px;--awb-flex-wrap:wrap;\" ><div class=\"fusion-builder-row fusion-row fusion-flex-align-items-flex-start fusion-flex-content-wrap\" style=\"max-width:1216.8px;margin-left: calc(-4% \/ 2 );margin-right: calc(-4% \/ 2 );\"><div class=\"fusion-layout-column fusion_builder_column fusion-builder-column-2 fusion_builder_column_1_1 1_1 fusion-flex-column\" style=\"--awb-bg-size:cover;--awb-width-large:100%;--awb-margin-top-large:0px;--awb-spacing-right-large:1.92%;--awb-margin-bottom-large:0px;--awb-spacing-left-large:1.92%;--awb-width-medium:100%;--awb-spacing-right-medium:1.92%;--awb-spacing-left-medium:1.92%;--awb-width-small:100%;--awb-spacing-right-small:1.92%;--awb-spacing-left-small:1.92%;\"><div class=\"fusion-column-wrapper fusion-column-has-shadow fusion-flex-justify-content-center fusion-content-layout-column\"><div class=\"fusion-image-element \" style=\"text-align:center;--awb-caption-title-font-family:var(--h2_typography-font-family);--awb-caption-title-font-weight:var(--h2_typography-font-weight);--awb-caption-title-font-style:var(--h2_typography-font-style);--awb-caption-title-size:var(--h2_typography-font-size);--awb-caption-title-transform:var(--h2_typography-text-transform);--awb-caption-title-line-height:var(--h2_typography-line-height);--awb-caption-title-letter-spacing:var(--h2_typography-letter-spacing);\"><span class=\" fusion-imageframe imageframe-none imageframe-1 hover-type-none\"><img decoding=\"async\" width=\"1169\" height=\"294\" alt=\"traduction cosm\u00e9tique\" title=\"traduction cosmetique\" src=\"https:\/\/www.a2ms.com\/wp-content\/uploads\/2020\/02\/traduction-cosmetique-1.jpg\" data-orig-src=\"https:\/\/www.a2ms.com\/wp-content\/uploads\/2020\/02\/traduction-cosmetique-1.jpg\" class=\"lazyload img-responsive wp-image-1440\" srcset=\"data:image\/svg+xml,%3Csvg%20xmlns%3D%27http%3A%2F%2Fwww.w3.org%2F2000%2Fsvg%27%20width%3D%271169%27%20height%3D%27294%27%20viewBox%3D%270%200%201169%20294%27%3E%3Crect%20width%3D%271169%27%20height%3D%27294%27%20fill-opacity%3D%220%22%2F%3E%3C%2Fsvg%3E\" data-srcset=\"https:\/\/www.a2ms.com\/wp-content\/uploads\/2020\/02\/traduction-cosmetique-1-200x50.jpg 200w, https:\/\/www.a2ms.com\/wp-content\/uploads\/2020\/02\/traduction-cosmetique-1-400x101.jpg 400w, https:\/\/www.a2ms.com\/wp-content\/uploads\/2020\/02\/traduction-cosmetique-1-600x151.jpg 600w, https:\/\/www.a2ms.com\/wp-content\/uploads\/2020\/02\/traduction-cosmetique-1-800x201.jpg 800w, https:\/\/www.a2ms.com\/wp-content\/uploads\/2020\/02\/traduction-cosmetique-1.jpg 1169w\" data-sizes=\"auto\" data-orig-sizes=\"(max-width: 1024px) 100vw, (max-width: 640px) 100vw, 1169px\" \/><\/span><\/div><\/div><\/div><\/div><\/div><div class=\"fusion-fullwidth fullwidth-box fusion-builder-row-3 fusion-flex-container nonhundred-percent-fullwidth non-hundred-percent-height-scrolling\" style=\"--awb-border-radius-top-left:0px;--awb-border-radius-top-right:0px;--awb-border-radius-bottom-right:0px;--awb-border-radius-bottom-left:0px;--awb-flex-wrap:wrap;\" ><div class=\"fusion-builder-row fusion-row fusion-flex-align-items-flex-start fusion-flex-content-wrap\" style=\"max-width:1216.8px;margin-left: calc(-4% \/ 2 );margin-right: calc(-4% \/ 2 );\"><div class=\"fusion-layout-column fusion_builder_column fusion-builder-column-3 fusion_builder_column_1_2 1_2 fusion-flex-column\" style=\"--awb-bg-size:cover;--awb-width-large:50%;--awb-margin-top-large:0px;--awb-spacing-right-large:3.84%;--awb-margin-bottom-large:0px;--awb-spacing-left-large:3.84%;--awb-width-medium:100%;--awb-spacing-right-medium:1.92%;--awb-spacing-left-medium:1.92%;--awb-width-small:100%;--awb-spacing-right-small:1.92%;--awb-spacing-left-small:1.92%;\"><div class=\"fusion-column-wrapper fusion-column-has-shadow fusion-flex-justify-content-flex-start fusion-content-layout-column\"><div class=\"fusion-separator fusion-full-width-sep\" style=\"align-self: center;margin-left: auto;margin-right: auto;margin-top:32px;width:100%;\"><\/div><div class=\"fusion-flip-boxes flip-boxes row fusion-columns-1 flip-effect-classic equal-heights\"><div class=\"fusion-flip-box-wrapper fusion-column col-lg-12 col-md-12 col-sm-12\"><div class=\"fusion-flip-box flip-right\" tabindex=\"0\"><div class=\"flip-box-inner-wrapper\"><div class=\"flip-box-front\"><div class=\"flip-box-front-inner\"><div class=\"flip-box-grafix flip-box-no-circle\"><i aria-hidden=\"true\" class=\"fa-eye-dropper fas\"><\/i><\/div><h2 class=\"flip-box-heading without-text\">Traduction cosm\u00e9tique professionnelle<\/h2><\/div><\/div><div class=\"flip-box-back\"><div class=\"flip-box-back-inner\"><h3 class=\"flip-box-heading-back\">Mettez en valeur votre marque \u00e0 l\u2019international.<\/h3><\/div><\/div><\/div><\/div><\/div><\/div><div class=\"fusion-text fusion-text-2\"><p>La <strong>traduction<\/strong> dans le domaine des <strong>cosm\u00e9tiques<\/strong> est beaucoup plus compliqu\u00e9e qu&rsquo;il n&rsquo;y para\u00eet ! Alors que la plupart des gens ne pensent qu&rsquo;aux hydratants, cr\u00e8mes antirides, masques de beaut\u00e9 et autres s\u00e9rums ou cr\u00e8mes, la cosm\u00e9tique est en fait un domaine tr\u00e8s complexe et technique.<\/p>\n<p><!-- \/wp:post-content --><\/p>\n<p>&nbsp;<\/p>\n<p><!-- wp:paragraph --><\/p>\n<p>Nous collaborons avec nos clients pour nous assurer de leur satisfaction en ce qui concerne <strong>nos choix terminologiques<\/strong>, la localisation des noms de produits pour les lancements internationaux, l&rsquo;adaptation de la terminologie existante \u00e9tablie par les succursales locales, ainsi que la veille concurrentielle. Tout cela, bien entendu, pour soutenir le travail de nos clients en amont du lancement du produit : tests m\u00e9dicaux et cliniques (s\u00e9curit\u00e9, efficacit\u00e9 et tol\u00e9rance), ainsi que marketing et ventes.<\/p>\n<\/div><\/div><\/div><div class=\"fusion-layout-column fusion_builder_column fusion-builder-column-4 fusion_builder_column_1_2 1_2 fusion-flex-column\" style=\"--awb-bg-size:cover;--awb-width-large:50%;--awb-margin-top-large:0px;--awb-spacing-right-large:3.84%;--awb-margin-bottom-large:0px;--awb-spacing-left-large:3.84%;--awb-width-medium:100%;--awb-spacing-right-medium:1.92%;--awb-spacing-left-medium:1.92%;--awb-width-small:100%;--awb-spacing-right-small:1.92%;--awb-spacing-left-small:1.92%;\"><div class=\"fusion-column-wrapper fusion-column-has-shadow fusion-flex-justify-content-flex-start fusion-content-layout-column\"><div class=\"fusion-separator fusion-full-width-sep\" style=\"align-self: center;margin-left: auto;margin-right: auto;margin-top:32px;width:100%;\"><\/div><div class=\"fusion-flip-boxes flip-boxes row fusion-columns-1 flip-effect-classic equal-heights\"><div class=\"fusion-flip-box-wrapper fusion-column col-lg-12 col-md-12 col-sm-12\"><div class=\"fusion-flip-box flip-right\" tabindex=\"0\"><div class=\"flip-box-inner-wrapper\"><div class=\"flip-box-front\"><div class=\"flip-box-front-inner\"><div class=\"flip-box-grafix flip-box-no-circle\"><i aria-hidden=\"true\" class=\"fa-mortar-pestle fas\"><\/i><\/div><h2 class=\"flip-box-heading without-text\">A2MS accompagne de nombreuses marques !<\/h2><\/div><\/div><div class=\"flip-box-back\"><div class=\"flip-box-back-inner\"><h3 class=\"flip-box-heading-back\">L\u2019Or\u00e9al, Clarins, l\u2019Occitane, Sephora...<\/h3><\/div><\/div><\/div><\/div><\/div><\/div><div class=\"fusion-text fusion-text-3\"><p>Nous assurons des traductions sur tous les segments du march\u00e9 des cosm\u00e9tiques, tels que les hydratants, les produits contre l&rsquo;acn\u00e9, les \u00e9crans solaires et les produits pour l&rsquo;hyperpigmentation, l&rsquo;anti-\u00e2ge, les peaux sensibles, fragiles et r\u00e9actives, les eaux thermales mais aussi l&rsquo;ensemble du segment des soins capillaires (anti-chute de cheveux, anti-pelliculaire), ainsi que les soins du corps et du visage, y compris les soins amincissants et le maquillage. Nos traductions ont \u00e9galement une <strong>forte valeur ajout\u00e9e<\/strong> dans le domaine m\u00e9dical et dermatologique et sont adapt\u00e9es au client final, qu&rsquo;il s&rsquo;agisse du grand public, des repr\u00e9sentants pharmaceutiques, ou des m\u00e9decins, pharmaciens et dermatologues.<\/p>\n<p><!-- \/wp:paragraph --><\/p>\n<p><!-- wp:paragraph --><\/p>\n<p>Dans une traduction cosm\u00e9tique, tout doit \u00e9voquer <strong>l\u2019envie, le d\u00e9sir et le plaisir.<\/strong> Il est indispensable pour le traducteur d\u2019avoir une sensibilit\u00e9 et de l&rsquo;exp\u00e9rience avec cette industrie.<\/p>\n<\/div><\/div><\/div><\/div><\/div><\/p>","protected":false},"excerpt":{"rendered":"","protected":false},"author":1,"featured_media":0,"parent":29,"menu_order":0,"comment_status":"closed","ping_status":"closed","template":"100-width.php","meta":{"footnotes":""},"class_list":["post-1288","page","type-page","status-publish","hentry"],"yoast_head":"<!-- This site is optimized with the Yoast SEO Premium plugin v23.7 (Yoast SEO v26.8) - https:\/\/yoast.com\/product\/yoast-seo-premium-wordpress\/ -->\n<title>Traduction cosm\u00e9tique - Traductions professionnelles A2MS<\/title>\n<meta name=\"description\" content=\"Traduction cosm\u00e9tique\u00a0: l\u2019univers de la beaut\u00e9. Dans le domaine cosm\u00e9tique, tout doit \u00e9voquer l\u2019envie, le d\u00e9sir et le plaisir.\" \/>\n<meta name=\"robots\" content=\"index, follow, max-snippet:-1, max-image-preview:large, max-video-preview:-1\" \/>\n<link rel=\"canonical\" href=\"https:\/\/www.a2ms.com\/fr\/nos-langues\/cosmetique\/\" \/>\n<meta property=\"og:locale\" content=\"fr_FR\" \/>\n<meta property=\"og:locale:alternate\" content=\"en_US\" \/>\n<meta property=\"og:locale:alternate\" content=\"pl-PL\" \/>\n<meta property=\"og:locale:alternate\" content=\"ru-RU\" \/>\n<meta property=\"og:locale:alternate\" content=\"zh_CN\" \/>\n<meta property=\"og:locale:alternate\" content=\"ar-EG\" \/>\n<meta property=\"og:type\" content=\"article\" \/>\n<meta property=\"og:title\" content=\"Cosm\u00e9tique\" \/>\n<meta property=\"og:description\" content=\"Traduction cosm\u00e9tique\u00a0: l\u2019univers de la beaut\u00e9. Dans le domaine cosm\u00e9tique, tout doit \u00e9voquer l\u2019envie, le d\u00e9sir et le plaisir.\" \/>\n<meta property=\"og:url\" content=\"https:\/\/www.a2ms.com\/fr\/nos-langues\/cosmetique\/\" \/>\n<meta property=\"og:site_name\" content=\"Traductions professionnelles A2MS\" \/>\n<meta property=\"article:publisher\" content=\"https:\/\/www.facebook.com\/A2MStraductions\/\" \/>\n<meta property=\"article:modified_time\" content=\"2025-03-11T15:55:34+00:00\" \/>\n<meta name=\"twitter:card\" content=\"summary_large_image\" \/>\n<meta name=\"twitter:label1\" content=\"Dur\u00e9e de lecture estim\u00e9e\" \/>\n\t<meta name=\"twitter:data1\" content=\"2 minutes\" \/>\n<script type=\"application\/ld+json\" class=\"yoast-schema-graph\">{\"@context\":\"https:\/\/schema.org\",\"@graph\":[{\"@type\":\"WebPage\",\"@id\":\"https:\/\/www.a2ms.com\/fr\/nos-langues\/cosmetique\/\",\"url\":\"https:\/\/www.a2ms.com\/fr\/nos-langues\/cosmetique\/\",\"name\":\"Traduction cosm\u00e9tique - Traductions professionnelles A2MS\",\"isPartOf\":{\"@id\":\"https:\/\/www.a2ms.com\/fr\/#website\"},\"datePublished\":\"2020-01-22T15:45:57+00:00\",\"dateModified\":\"2025-03-11T15:55:34+00:00\",\"description\":\"Traduction cosm\u00e9tique\u00a0: l\u2019univers de la beaut\u00e9. Dans le domaine cosm\u00e9tique, tout doit \u00e9voquer l\u2019envie, le d\u00e9sir et le plaisir.\",\"breadcrumb\":{\"@id\":\"https:\/\/www.a2ms.com\/fr\/nos-langues\/cosmetique\/#breadcrumb\"},\"inLanguage\":\"fr-FR\",\"potentialAction\":[{\"@type\":\"ReadAction\",\"target\":[\"https:\/\/www.a2ms.com\/fr\/nos-langues\/cosmetique\/\"]}]},{\"@type\":\"BreadcrumbList\",\"@id\":\"https:\/\/www.a2ms.com\/fr\/nos-langues\/cosmetique\/#breadcrumb\",\"itemListElement\":[{\"@type\":\"ListItem\",\"position\":1,\"name\":\"Accueil\",\"item\":\"https:\/\/www.a2ms.com\/ar\/\"},{\"@type\":\"ListItem\",\"position\":2,\"name\":\"\u0627\u0644\u0644\u063a\u0627\u062a\",\"item\":\"https:\/\/www.a2ms.com\/ar\/nos-langues\/\"},{\"@type\":\"ListItem\",\"position\":3,\"name\":\"Cosm\u00e9tique\"}]},{\"@type\":\"WebSite\",\"@id\":\"https:\/\/www.a2ms.com\/fr\/#website\",\"url\":\"https:\/\/www.a2ms.com\/fr\/\",\"name\":\"Traductions professionnelles A2MS\",\"description\":\"Services de traduction\",\"publisher\":{\"@id\":\"https:\/\/www.a2ms.com\/fr\/#organization\"},\"potentialAction\":[{\"@type\":\"SearchAction\",\"target\":{\"@type\":\"EntryPoint\",\"urlTemplate\":\"https:\/\/www.a2ms.com\/fr\/?s={search_term_string}\"},\"query-input\":{\"@type\":\"PropertyValueSpecification\",\"valueRequired\":true,\"valueName\":\"search_term_string\"}}],\"inLanguage\":\"fr-FR\"},{\"@type\":\"Organization\",\"@id\":\"https:\/\/www.a2ms.com\/fr\/#organization\",\"name\":\"A2MS entreprise de traduction\",\"url\":\"https:\/\/www.a2ms.com\/fr\/\",\"logo\":{\"@type\":\"ImageObject\",\"inLanguage\":\"fr-FR\",\"@id\":\"https:\/\/www.a2ms.com\/fr\/#\/schema\/logo\/image\/\",\"url\":\"https:\/\/www.a2ms.com\/wp-content\/uploads\/2020\/01\/Logo-A2MS-petit.png\",\"contentUrl\":\"https:\/\/www.a2ms.com\/wp-content\/uploads\/2020\/01\/Logo-A2MS-petit.png\",\"width\":95,\"height\":80,\"caption\":\"A2MS entreprise de traduction\"},\"image\":{\"@id\":\"https:\/\/www.a2ms.com\/fr\/#\/schema\/logo\/image\/\"},\"sameAs\":[\"https:\/\/www.facebook.com\/A2MStraductions\/\",\"https:\/\/www.linkedin.com\/in\/martine-filiptchenko-90455257\/\"]}]}<\/script>\n<!-- \/ Yoast SEO Premium plugin. -->","yoast_head_json":{"title":"Traduction cosm\u00e9tique - Traductions professionnelles A2MS","description":"Traduction cosm\u00e9tique\u00a0: l\u2019univers de la beaut\u00e9. Dans le domaine cosm\u00e9tique, tout doit \u00e9voquer l\u2019envie, le d\u00e9sir et le plaisir.","robots":{"index":"index","follow":"follow","max-snippet":"max-snippet:-1","max-image-preview":"max-image-preview:large","max-video-preview":"max-video-preview:-1"},"canonical":"https:\/\/www.a2ms.com\/fr\/nos-langues\/cosmetique\/","og_locale":"fr_FR","og_type":"article","og_title":"[:fr]Cosm\u00e9tique[:]","og_description":"Traduction cosm\u00e9tique\u00a0: l\u2019univers de la beaut\u00e9. Dans le domaine cosm\u00e9tique, tout doit \u00e9voquer l\u2019envie, le d\u00e9sir et le plaisir.","og_url":"https:\/\/www.a2ms.com\/fr\/nos-langues\/cosmetique\/","og_site_name":"Traductions professionnelles A2MS","article_publisher":"https:\/\/www.facebook.com\/A2MStraductions\/","article_modified_time":"2025-03-11T15:55:34+00:00","twitter_card":"summary_large_image","twitter_misc":{"Dur\u00e9e de lecture estim\u00e9e":"2 minutes"},"schema":{"@context":"https:\/\/schema.org","@graph":[{"@type":"WebPage","@id":"https:\/\/www.a2ms.com\/fr\/nos-langues\/cosmetique\/","url":"https:\/\/www.a2ms.com\/fr\/nos-langues\/cosmetique\/","name":"Traduction cosm\u00e9tique - Traductions professionnelles A2MS","isPartOf":{"@id":"https:\/\/www.a2ms.com\/fr\/#website"},"datePublished":"2020-01-22T15:45:57+00:00","dateModified":"2025-03-11T15:55:34+00:00","description":"Traduction cosm\u00e9tique\u00a0: l\u2019univers de la beaut\u00e9. Dans le domaine cosm\u00e9tique, tout doit \u00e9voquer l\u2019envie, le d\u00e9sir et le plaisir.","breadcrumb":{"@id":"https:\/\/www.a2ms.com\/fr\/nos-langues\/cosmetique\/#breadcrumb"},"inLanguage":"fr-FR","potentialAction":[{"@type":"ReadAction","target":["https:\/\/www.a2ms.com\/fr\/nos-langues\/cosmetique\/"]}]},{"@type":"BreadcrumbList","@id":"https:\/\/www.a2ms.com\/fr\/nos-langues\/cosmetique\/#breadcrumb","itemListElement":[{"@type":"ListItem","position":1,"name":"Accueil","item":"https:\/\/www.a2ms.com\/ar\/"},{"@type":"ListItem","position":2,"name":"\u0627\u0644\u0644\u063a\u0627\u062a","item":"https:\/\/www.a2ms.com\/ar\/nos-langues\/"},{"@type":"ListItem","position":3,"name":"Cosm\u00e9tique"}]},{"@type":"WebSite","@id":"https:\/\/www.a2ms.com\/fr\/#website","url":"https:\/\/www.a2ms.com\/fr\/","name":"Traductions professionnelles A2MS","description":"Services de traduction","publisher":{"@id":"https:\/\/www.a2ms.com\/fr\/#organization"},"potentialAction":[{"@type":"SearchAction","target":{"@type":"EntryPoint","urlTemplate":"https:\/\/www.a2ms.com\/fr\/?s={search_term_string}"},"query-input":{"@type":"PropertyValueSpecification","valueRequired":true,"valueName":"search_term_string"}}],"inLanguage":"fr-FR"},{"@type":"Organization","@id":"https:\/\/www.a2ms.com\/fr\/#organization","name":"A2MS entreprise de traduction","url":"https:\/\/www.a2ms.com\/fr\/","logo":{"@type":"ImageObject","inLanguage":"fr-FR","@id":"https:\/\/www.a2ms.com\/fr\/#\/schema\/logo\/image\/","url":"https:\/\/www.a2ms.com\/wp-content\/uploads\/2020\/01\/Logo-A2MS-petit.png","contentUrl":"https:\/\/www.a2ms.com\/wp-content\/uploads\/2020\/01\/Logo-A2MS-petit.png","width":95,"height":80,"caption":"A2MS entreprise de traduction"},"image":{"@id":"https:\/\/www.a2ms.com\/fr\/#\/schema\/logo\/image\/"},"sameAs":["https:\/\/www.facebook.com\/A2MStraductions\/","https:\/\/www.linkedin.com\/in\/martine-filiptchenko-90455257\/"]}]}},"_links":{"self":[{"href":"https:\/\/www.a2ms.com\/fr\/wp-json\/wp\/v2\/pages\/1288","targetHints":{"allow":["GET"]}}],"collection":[{"href":"https:\/\/www.a2ms.com\/fr\/wp-json\/wp\/v2\/pages"}],"about":[{"href":"https:\/\/www.a2ms.com\/fr\/wp-json\/wp\/v2\/types\/page"}],"author":[{"embeddable":true,"href":"https:\/\/www.a2ms.com\/fr\/wp-json\/wp\/v2\/users\/1"}],"replies":[{"embeddable":true,"href":"https:\/\/www.a2ms.com\/fr\/wp-json\/wp\/v2\/comments?post=1288"}],"version-history":[{"count":15,"href":"https:\/\/www.a2ms.com\/fr\/wp-json\/wp\/v2\/pages\/1288\/revisions"}],"predecessor-version":[{"id":2075,"href":"https:\/\/www.a2ms.com\/fr\/wp-json\/wp\/v2\/pages\/1288\/revisions\/2075"}],"up":[{"embeddable":true,"href":"https:\/\/www.a2ms.com\/fr\/wp-json\/wp\/v2\/pages\/29"}],"wp:attachment":[{"href":"https:\/\/www.a2ms.com\/fr\/wp-json\/wp\/v2\/media?parent=1288"}],"curies":[{"name":"wp","href":"https:\/\/api.w.org\/{rel}","templated":true}]}}