{"id":1281,"date":"2020-01-23T13:25:14","date_gmt":"2020-01-23T11:25:14","guid":{"rendered":"https:\/\/www.a2ms.com\/fr\/?page_id=1281"},"modified":"2025-03-11T16:35:53","modified_gmt":"2025-03-11T14:35:53","slug":"medical","status":"publish","type":"page","link":"https:\/\/www.a2ms.com\/en\/nos-langues\/medical\/","title":{"rendered":"M\u00e9dical"},"content":{"rendered":"<p><div class=\"fusion-fullwidth fullwidth-box fusion-builder-row-1 fusion-flex-container nonhundred-percent-fullwidth non-hundred-percent-height-scrolling\" style=\"--awb-border-radius-top-left:0px;--awb-border-radius-top-right:0px;--awb-border-radius-bottom-right:0px;--awb-border-radius-bottom-left:0px;--awb-background-color:#35495e;--awb-flex-wrap:wrap;\" ><div class=\"fusion-builder-row fusion-row fusion-flex-align-items-flex-start fusion-flex-content-wrap\" style=\"max-width:1216.8px;margin-left: calc(-4% \/ 2 );margin-right: calc(-4% \/ 2 );\"><div class=\"fusion-layout-column fusion_builder_column fusion-builder-column-0 fusion_builder_column_2_3 2_3 fusion-flex-column\" style=\"--awb-padding-top:0px;--awb-padding-right:30px;--awb-padding-bottom:0px;--awb-padding-left:30px;--awb-bg-size:cover;--awb-border-color:#e84b3c;--awb-border-left:10px;--awb-border-style:solid;--awb-width-large:66.666666666667%;--awb-margin-top-large:15px;--awb-spacing-right-large:3.84%;--awb-margin-bottom-large:15px;--awb-spacing-left-large:2.88%;--awb-width-medium:100%;--awb-spacing-right-medium:1.92%;--awb-spacing-left-medium:1.92%;--awb-width-small:100%;--awb-spacing-right-small:1.92%;--awb-spacing-left-small:1.92%;\"><div class=\"fusion-column-wrapper fusion-column-has-shadow fusion-flex-justify-content-center fusion-content-layout-column\"><div class=\"fusion-separator fusion-full-width-sep\" style=\"align-self: center;margin-left: auto;margin-right: auto;margin-top:32px;width:100%;\"><\/div><div class=\"fusion-text fusion-text-1\"><h2 style=\"color: #fff; margin: 0;\"><span style=\"font-size: 190%; line-height: 1;\">Traductions m\u00e9dicales<\/span><\/h2>\n<\/div><div class=\"fusion-separator fusion-full-width-sep\" style=\"align-self: center;margin-left: auto;margin-right: auto;margin-top:32px;width:100%;\"><\/div><\/div><\/div><div class=\"fusion-layout-column fusion_builder_column fusion-builder-column-1 fusion_builder_column_1_3 1_3 fusion-flex-column\" style=\"--awb-bg-size:cover;--awb-width-large:33.333333333333%;--awb-margin-top-large:15px;--awb-spacing-right-large:5.76%;--awb-margin-bottom-large:15px;--awb-spacing-left-large:3.84%;--awb-width-medium:100%;--awb-spacing-right-medium:1.92%;--awb-spacing-left-medium:1.92%;--awb-width-small:100%;--awb-spacing-right-small:1.92%;--awb-spacing-left-small:1.92%;\"><div class=\"fusion-column-wrapper fusion-flex-justify-content-center fusion-content-layout-column\"><div class=\"fusion-separator fusion-full-width-sep\" style=\"align-self: center;margin-left: auto;margin-right: auto;margin-top:32px;width:100%;\"><\/div><ul style=\"--awb-size:18px;--awb-line-height:30.6px;--awb-icon-width:30.6px;--awb-icon-height:30.6px;--awb-icon-margin:12.6px;--awb-content-margin:43.2px;\" class=\"fusion-checklist fusion-checklist-1 fusion-checklist-default type-icons\"><li class=\"fusion-li-item\" style=\"\"><span class=\"icon-wrapper circle-no\"><i class=\"fusion-li-icon fa-home fas\" aria-hidden=\"true\"><\/i><\/span><div class=\"fusion-li-item-content\"> <span style=\"color: #ffffff; font-size: 18px;\"> Lyon, France<\/span> <\/div><\/li><li class=\"fusion-li-item\" style=\"\"><span class=\"icon-wrapper circle-no\"><i class=\"fusion-li-icon fa-phone fas\" aria-hidden=\"true\"><\/i><\/span><div class=\"fusion-li-item-content\"><span style=\"color: #ffffff; font-size: 18px;\">+33 (0)6 38 22 43 19<\/span><\/div><\/li><li class=\"fusion-li-item\" style=\"\"><span class=\"icon-wrapper circle-no\"><i class=\"fusion-li-icon fa-envelope fas\" aria-hidden=\"true\"><\/i><\/span><div class=\"fusion-li-item-content\">\r\n<p><span style=\"color: #ffffff; font-size: 18px;\"><a style=\"color: #ffffff;\" href=\"mailto:contact@a2ms.com\">contact@a2ms.com<\/a><\/span><\/p>\r\n<\/div><\/li><\/ul><\/div><\/div><\/div><\/div><div class=\"fusion-fullwidth fullwidth-box fusion-builder-row-2 fusion-flex-container nonhundred-percent-fullwidth non-hundred-percent-height-scrolling\" style=\"--awb-border-radius-top-left:0px;--awb-border-radius-top-right:0px;--awb-border-radius-bottom-right:0px;--awb-border-radius-bottom-left:0px;--awb-flex-wrap:wrap;\" ><div class=\"fusion-builder-row fusion-row fusion-flex-align-items-flex-start fusion-flex-content-wrap\" style=\"max-width:1216.8px;margin-left: calc(-4% \/ 2 );margin-right: calc(-4% \/ 2 );\"><div class=\"fusion-layout-column fusion_builder_column fusion-builder-column-2 fusion_builder_column_1_2 1_2 fusion-flex-column\" style=\"--awb-bg-size:cover;--awb-width-large:50%;--awb-margin-top-large:0px;--awb-spacing-right-large:3.84%;--awb-margin-bottom-large:0px;--awb-spacing-left-large:3.84%;--awb-width-medium:100%;--awb-spacing-right-medium:1.92%;--awb-spacing-left-medium:1.92%;--awb-width-small:100%;--awb-spacing-right-small:1.92%;--awb-spacing-left-small:1.92%;\"><div class=\"fusion-column-wrapper fusion-column-has-shadow fusion-flex-justify-content-flex-start fusion-content-layout-column\"><div class=\"fusion-separator fusion-full-width-sep\" style=\"align-self: center;margin-left: auto;margin-right: auto;margin-top:32px;width:100%;\"><\/div><div class=\"fusion-flip-boxes flip-boxes row fusion-columns-1 flip-effect-classic equal-heights\"><div class=\"fusion-flip-box-wrapper fusion-column col-lg-12 col-md-12 col-sm-12\"><div class=\"fusion-flip-box flip-right\" tabindex=\"0\"><div class=\"flip-box-inner-wrapper\"><div class=\"flip-box-front\"><div class=\"flip-box-front-inner\"><div class=\"flip-box-grafix flip-box-no-circle\"><i aria-hidden=\"true\" class=\"fa-laptop-medical fas\"><\/i><\/div><h2 class=\"flip-box-heading without-text\">Traduction m\u00e9dicale sp\u00e9cialis\u00e9e<\/h2><\/div><\/div><div class=\"flip-box-back\"><div class=\"flip-box-back-inner\"><h3 class=\"flip-box-heading-back\">Un enjeu de pr\u00e9cision et de s\u00e9curit\u00e9.<\/h3><\/div><\/div><\/div><\/div><\/div><\/div><div class=\"fusion-text fusion-text-2\"><p><strong>Le domaine m\u00e9dical et pharmaceutique<\/strong> fait partie des secteurs qui demandent une extr\u00eame rigueur lors de la traduction, qui ne peut \u00eatre confi\u00e9e qu&#8217;\u00e0 des experts m\u00e9dicaux. Nous traduisons :<\/p>\n<p><!-- \/wp:post-content --><\/p>\n<p>&nbsp;<\/p>\n<p><!-- wp:list --><\/p>\n<ul>\n<li>Des brevets<\/li>\n<li>Des protocoles cliniques<\/li>\n<li>Des \u00e9tiquetages d&#8217;emballages pharmaceutiques<\/li>\n<li>Des dossiers de soins patients<\/li>\n<li>Des demandes de remboursement de frais m\u00e9dicaux<\/li>\n<li>De la documentation pour les \u00e9quipements m\u00e9dicaux<\/li>\n<\/ul>\n<p><!-- \/wp:list --><\/p>\n<p>&nbsp;<\/p>\n<p>Nos traducteurs professionnels travaillent en collaboration avec des experts m\u00e9dicaux si le sujet d\u00e9passe leurs comp\u00e9tences personnelles ou si cela n\u00e9cessite un compl\u00e9ment d\u2019information. Gr\u00e2ce \u00e0 leur savoir-faire, leurs connaissances et leurs comp\u00e9tences linguistiques pr\u00e9cises et pointues, ils vous garantissent ainsi un travail de haute qualit\u00e9 et dans le respect de vos attentes.<\/p>\n<p>Nous accordons une importance capitale \u00e0 la confidentialit\u00e9 des documents m\u00e9dicaux que vous nous confiez. Nos traducteurs sont tenus \u00e0 des accords de non-divulgation stricts, et toutes les donn\u00e9es sont trait\u00e9es avec le plus haut niveau de s\u00e9curit\u00e9. Nous veillons \u00e0 ce que chaque projet soit r\u00e9alis\u00e9 dans un environnement s\u00e9curis\u00e9, respectant les normes en vigueur en mati\u00e8re de protection des informations sensibles.<\/p>\n<\/div><\/div><\/div><div class=\"fusion-layout-column fusion_builder_column fusion-builder-column-3 fusion_builder_column_1_2 1_2 fusion-flex-column\" style=\"--awb-bg-size:cover;--awb-width-large:50%;--awb-margin-top-large:0px;--awb-spacing-right-large:3.84%;--awb-margin-bottom-large:0px;--awb-spacing-left-large:3.84%;--awb-width-medium:100%;--awb-spacing-right-medium:1.92%;--awb-spacing-left-medium:1.92%;--awb-width-small:100%;--awb-spacing-right-small:1.92%;--awb-spacing-left-small:1.92%;\"><div class=\"fusion-column-wrapper fusion-column-has-shadow fusion-flex-justify-content-flex-start fusion-content-layout-column\"><div class=\"fusion-separator fusion-full-width-sep\" style=\"align-self: center;margin-left: auto;margin-right: auto;margin-top:32px;width:100%;\"><\/div><div class=\"fusion-flip-boxes flip-boxes row fusion-columns-1 flip-effect-classic equal-heights\"><div class=\"fusion-flip-box-wrapper fusion-column col-lg-12 col-md-12 col-sm-12\"><div class=\"fusion-flip-box flip-right\" tabindex=\"0\"><div class=\"flip-box-inner-wrapper\"><div class=\"flip-box-front\"><div class=\"flip-box-front-inner\"><div class=\"flip-box-grafix flip-box-no-circle\"><i aria-hidden=\"true\" class=\"fa-ambulance fas\"><\/i><\/div><h2 class=\"flip-box-heading without-text\">Pourquoi choisir A2MS comme partenaire ?<\/h2><\/div><\/div><div class=\"flip-box-back\"><div class=\"flip-box-back-inner\"><h3 class=\"flip-box-heading-back\">Rigueur et confidentialit\u00e9 au service de la sant\u00e9.<\/h3><\/div><\/div><\/div><\/div><\/div><\/div><div class=\"fusion-text fusion-text-3\"><p>Pour qu&#8217;une traduction de<strong> documents m\u00e9dicaux<\/strong> soit r\u00e9ussie, il faut une parfaite ma\u00eetrise de la langue source, des capacit\u00e9s d&#8217;analyse et une connaissance professionnelle profonde des deux langues. Un traducteur m\u00e9dical doit avoir accompli obtenu un master 2 en traduction, doit \u00eatre un expert de la<strong> terminologie m\u00e9dicale<\/strong>, doit comprendre parfaitement le texte source, avoir un r\u00e9dactionnel parfait et utiliser des dictionnaires tr\u00e8s sp\u00e9cialis\u00e9s. Les traducteurs m\u00e9dicaux professionnels effectuent \u00e9galement des<strong> recherches terminologiques<\/strong> afin de valider les \u00e9quivalences dans la langue cible. Nous portons une attention particuli\u00e8re \u00e0 ce que nos traducteurs se conforment avec rigueur \u00e0 ces exigences pour \u00eatre certains que vous recevrez une traduction qui vous donnera toute satisfaction.<\/p>\n<p><!-- \/wp:paragraph --><\/p>\n<p>Les traducteurs de contenu m\u00e9dical ou pharmaceutique se doivent d\u2019\u00eatre <strong>irr\u00e9prochables<\/strong> et d\u2019avoir une connaissance approfondie du domaine vis\u00e9. Nous vous garantissons des traducteurs, relecteurs et correcteurs multilingues experts dans leur domaine de traduction.<\/p>\n<p><!-- \/wp:paragraph --><\/p>\n<p>Ces professionnels ma\u00eetrisent parfaitement le sujet de traduction et les diff\u00e9rentes nuances relatives aux produits pharmaceutiques, aux pathologies, aux sp\u00e9cificit\u00e9s m\u00e9dicales, aux connaissances techniques, et aux normes et r\u00e9glementations en vigueur selon le pays.<\/p>\n<\/div><\/div><\/div><\/div><\/div><\/p>","protected":false},"excerpt":{"rendered":"","protected":false},"author":1,"featured_media":0,"parent":29,"menu_order":0,"comment_status":"closed","ping_status":"closed","template":"100-width.php","meta":{"footnotes":""},"class_list":["post-1281","page","type-page","status-publish","hentry"],"yoast_head":"<!-- This site is optimized with the Yoast SEO Premium plugin v23.7 (Yoast SEO v26.8) - https:\/\/yoast.com\/product\/yoast-seo-premium-wordpress\/ -->\n<title>Service de traduction - A2MS professional translations<\/title>\n<meta name=\"description\" content=\"Une traduction m\u00e9dicale se doit d&#039;\u00eatre exacte. Fort heureusement, nos traducteurs m\u00e9dicaux sont experts dans ce domaine.\" \/>\n<meta name=\"robots\" content=\"index, follow, max-snippet:-1, max-image-preview:large, max-video-preview:-1\" \/>\n<link rel=\"canonical\" href=\"https:\/\/www.a2ms.com\/en\/nos-langues\/medical\/\" \/>\n<meta property=\"og:locale\" content=\"en_US\" \/>\n<meta property=\"og:locale:alternate\" content=\"fr_FR\" \/>\n<meta property=\"og:locale:alternate\" content=\"pl-PL\" \/>\n<meta property=\"og:locale:alternate\" content=\"ru-RU\" \/>\n<meta property=\"og:locale:alternate\" content=\"zh_CN\" \/>\n<meta property=\"og:locale:alternate\" content=\"ar-EG\" \/>\n<meta property=\"og:type\" content=\"article\" \/>\n<meta property=\"og:title\" content=\"M\u00e9dical\" \/>\n<meta property=\"og:description\" content=\"Une traduction m\u00e9dicale se doit d&#039;\u00eatre exacte. Fort heureusement, nos traducteurs m\u00e9dicaux sont experts dans ce domaine.\" \/>\n<meta property=\"og:url\" content=\"https:\/\/www.a2ms.com\/en\/nos-langues\/medical\/\" \/>\n<meta property=\"og:site_name\" content=\"A2MS professional translations\" \/>\n<meta property=\"article:publisher\" content=\"https:\/\/www.facebook.com\/A2MStraductions\/\" \/>\n<meta property=\"article:modified_time\" content=\"2025-03-11T14:35:53+00:00\" \/>\n<meta name=\"twitter:card\" content=\"summary_large_image\" \/>\n<meta name=\"twitter:label1\" content=\"Est. reading time\" \/>\n\t<meta name=\"twitter:data1\" content=\"2 minutes\" \/>\n<script type=\"application\/ld+json\" class=\"yoast-schema-graph\">{\"@context\":\"https:\/\/schema.org\",\"@graph\":[{\"@type\":\"WebPage\",\"@id\":\"https:\/\/www.a2ms.com\/fr\/nos-langues\/medical\/\",\"url\":\"https:\/\/www.a2ms.com\/fr\/nos-langues\/medical\/\",\"name\":\"Service de traduction - A2MS professional translations\",\"isPartOf\":{\"@id\":\"https:\/\/www.a2ms.com\/fr\/#website\"},\"datePublished\":\"2020-01-23T11:25:14+00:00\",\"dateModified\":\"2025-03-11T14:35:53+00:00\",\"description\":\"Une traduction m\u00e9dicale se doit d'\u00eatre exacte. Fort heureusement, nos traducteurs m\u00e9dicaux sont experts dans ce domaine.\",\"breadcrumb\":{\"@id\":\"https:\/\/www.a2ms.com\/fr\/nos-langues\/medical\/#breadcrumb\"},\"inLanguage\":\"en-US\",\"potentialAction\":[{\"@type\":\"ReadAction\",\"target\":[\"https:\/\/www.a2ms.com\/fr\/nos-langues\/medical\/\"]}]},{\"@type\":\"BreadcrumbList\",\"@id\":\"https:\/\/www.a2ms.com\/fr\/nos-langues\/medical\/#breadcrumb\",\"itemListElement\":[{\"@type\":\"ListItem\",\"position\":1,\"name\":\"Accueil\",\"item\":\"https:\/\/www.a2ms.com\/ar\/\"},{\"@type\":\"ListItem\",\"position\":2,\"name\":\"\u0627\u0644\u0644\u063a\u0627\u062a\",\"item\":\"https:\/\/www.a2ms.com\/ar\/nos-langues\/\"},{\"@type\":\"ListItem\",\"position\":3,\"name\":\"M\u00e9dical\"}]},{\"@type\":\"WebSite\",\"@id\":\"https:\/\/www.a2ms.com\/fr\/#website\",\"url\":\"https:\/\/www.a2ms.com\/fr\/\",\"name\":\"A2MS professional translations\",\"description\":\"Translation services\",\"publisher\":{\"@id\":\"https:\/\/www.a2ms.com\/fr\/#organization\"},\"potentialAction\":[{\"@type\":\"SearchAction\",\"target\":{\"@type\":\"EntryPoint\",\"urlTemplate\":\"https:\/\/www.a2ms.com\/fr\/?s={search_term_string}\"},\"query-input\":{\"@type\":\"PropertyValueSpecification\",\"valueRequired\":true,\"valueName\":\"search_term_string\"}}],\"inLanguage\":\"en-US\"},{\"@type\":\"Organization\",\"@id\":\"https:\/\/www.a2ms.com\/fr\/#organization\",\"name\":\"A2MS entreprise de traduction\",\"url\":\"https:\/\/www.a2ms.com\/fr\/\",\"logo\":{\"@type\":\"ImageObject\",\"inLanguage\":\"en-US\",\"@id\":\"https:\/\/www.a2ms.com\/fr\/#\/schema\/logo\/image\/\",\"url\":\"https:\/\/www.a2ms.com\/wp-content\/uploads\/2020\/01\/Logo-A2MS-petit.png\",\"contentUrl\":\"https:\/\/www.a2ms.com\/wp-content\/uploads\/2020\/01\/Logo-A2MS-petit.png\",\"width\":95,\"height\":80,\"caption\":\"A2MS entreprise de traduction\"},\"image\":{\"@id\":\"https:\/\/www.a2ms.com\/fr\/#\/schema\/logo\/image\/\"},\"sameAs\":[\"https:\/\/www.facebook.com\/A2MStraductions\/\",\"https:\/\/www.linkedin.com\/in\/martine-filiptchenko-90455257\/\"]}]}<\/script>\n<!-- \/ Yoast SEO Premium plugin. -->","yoast_head_json":{"title":"Service de traduction - A2MS professional translations","description":"Une traduction m\u00e9dicale se doit d'\u00eatre exacte. Fort heureusement, nos traducteurs m\u00e9dicaux sont experts dans ce domaine.","robots":{"index":"index","follow":"follow","max-snippet":"max-snippet:-1","max-image-preview":"max-image-preview:large","max-video-preview":"max-video-preview:-1"},"canonical":"https:\/\/www.a2ms.com\/en\/nos-langues\/medical\/","og_locale":"en_US","og_type":"article","og_title":"[:fr]M\u00e9dical[:]","og_description":"Une traduction m\u00e9dicale se doit d'\u00eatre exacte. Fort heureusement, nos traducteurs m\u00e9dicaux sont experts dans ce domaine.","og_url":"https:\/\/www.a2ms.com\/en\/nos-langues\/medical\/","og_site_name":"A2MS professional translations","article_publisher":"https:\/\/www.facebook.com\/A2MStraductions\/","article_modified_time":"2025-03-11T14:35:53+00:00","twitter_card":"summary_large_image","twitter_misc":{"Est. reading time":"2 minutes"},"schema":{"@context":"https:\/\/schema.org","@graph":[{"@type":"WebPage","@id":"https:\/\/www.a2ms.com\/fr\/nos-langues\/medical\/","url":"https:\/\/www.a2ms.com\/fr\/nos-langues\/medical\/","name":"Service de traduction - A2MS professional translations","isPartOf":{"@id":"https:\/\/www.a2ms.com\/fr\/#website"},"datePublished":"2020-01-23T11:25:14+00:00","dateModified":"2025-03-11T14:35:53+00:00","description":"Une traduction m\u00e9dicale se doit d'\u00eatre exacte. Fort heureusement, nos traducteurs m\u00e9dicaux sont experts dans ce domaine.","breadcrumb":{"@id":"https:\/\/www.a2ms.com\/fr\/nos-langues\/medical\/#breadcrumb"},"inLanguage":"en-US","potentialAction":[{"@type":"ReadAction","target":["https:\/\/www.a2ms.com\/fr\/nos-langues\/medical\/"]}]},{"@type":"BreadcrumbList","@id":"https:\/\/www.a2ms.com\/fr\/nos-langues\/medical\/#breadcrumb","itemListElement":[{"@type":"ListItem","position":1,"name":"Accueil","item":"https:\/\/www.a2ms.com\/ar\/"},{"@type":"ListItem","position":2,"name":"\u0627\u0644\u0644\u063a\u0627\u062a","item":"https:\/\/www.a2ms.com\/ar\/nos-langues\/"},{"@type":"ListItem","position":3,"name":"M\u00e9dical"}]},{"@type":"WebSite","@id":"https:\/\/www.a2ms.com\/fr\/#website","url":"https:\/\/www.a2ms.com\/fr\/","name":"A2MS professional translations","description":"Translation services","publisher":{"@id":"https:\/\/www.a2ms.com\/fr\/#organization"},"potentialAction":[{"@type":"SearchAction","target":{"@type":"EntryPoint","urlTemplate":"https:\/\/www.a2ms.com\/fr\/?s={search_term_string}"},"query-input":{"@type":"PropertyValueSpecification","valueRequired":true,"valueName":"search_term_string"}}],"inLanguage":"en-US"},{"@type":"Organization","@id":"https:\/\/www.a2ms.com\/fr\/#organization","name":"A2MS entreprise de traduction","url":"https:\/\/www.a2ms.com\/fr\/","logo":{"@type":"ImageObject","inLanguage":"en-US","@id":"https:\/\/www.a2ms.com\/fr\/#\/schema\/logo\/image\/","url":"https:\/\/www.a2ms.com\/wp-content\/uploads\/2020\/01\/Logo-A2MS-petit.png","contentUrl":"https:\/\/www.a2ms.com\/wp-content\/uploads\/2020\/01\/Logo-A2MS-petit.png","width":95,"height":80,"caption":"A2MS entreprise de traduction"},"image":{"@id":"https:\/\/www.a2ms.com\/fr\/#\/schema\/logo\/image\/"},"sameAs":["https:\/\/www.facebook.com\/A2MStraductions\/","https:\/\/www.linkedin.com\/in\/martine-filiptchenko-90455257\/"]}]}},"_links":{"self":[{"href":"https:\/\/www.a2ms.com\/en\/wp-json\/wp\/v2\/pages\/1281","targetHints":{"allow":["GET"]}}],"collection":[{"href":"https:\/\/www.a2ms.com\/en\/wp-json\/wp\/v2\/pages"}],"about":[{"href":"https:\/\/www.a2ms.com\/en\/wp-json\/wp\/v2\/types\/page"}],"author":[{"embeddable":true,"href":"https:\/\/www.a2ms.com\/en\/wp-json\/wp\/v2\/users\/1"}],"replies":[{"embeddable":true,"href":"https:\/\/www.a2ms.com\/en\/wp-json\/wp\/v2\/comments?post=1281"}],"version-history":[{"count":14,"href":"https:\/\/www.a2ms.com\/en\/wp-json\/wp\/v2\/pages\/1281\/revisions"}],"predecessor-version":[{"id":2070,"href":"https:\/\/www.a2ms.com\/en\/wp-json\/wp\/v2\/pages\/1281\/revisions\/2070"}],"up":[{"embeddable":true,"href":"https:\/\/www.a2ms.com\/en\/wp-json\/wp\/v2\/pages\/29"}],"wp:attachment":[{"href":"https:\/\/www.a2ms.com\/en\/wp-json\/wp\/v2\/media?parent=1281"}],"curies":[{"name":"wp","href":"https:\/\/api.w.org\/{rel}","templated":true}]}}